{"id":12742,"date":"2025-10-06T10:02:17","date_gmt":"2025-10-06T10:02:17","guid":{"rendered":"https:\/\/ikaowin.com\/?page_id=12742"},"modified":"2025-10-06T10:04:53","modified_gmt":"2025-10-06T10:04:53","slug":"rv-lithium-battery","status":"publish","type":"page","link":"https:\/\/ikaowin.com\/de\/rv-lithium-battery\/","title":{"rendered":"RV-Lithiumbatterie"},"content":{"rendered":"<div data-elementor-type=\"wp-page\" data-elementor-id=\"12742\" class=\"elementor elementor-12742\" data-elementor-post-type=\"page\">\n\t\t\t\t<div class=\"elementor-element elementor-element-f3eedf4 e-flex e-con-boxed e-con e-parent\" data-id=\"f3eedf4\" data-element_type=\"container\" data-e-type=\"container\">\n\t\t\t\t\t<div class=\"e-con-inner\">\n\t\t<div class=\"elementor-element elementor-element-36ebc5d e-con-full e-flex e-con e-child\" data-id=\"36ebc5d\" data-element_type=\"container\" data-e-type=\"container\">\n\t\t\t\t<div class=\"elementor-element elementor-element-3e97b4f elementor-widget elementor-widget-heading\" data-id=\"3e97b4f\" data-element_type=\"widget\" data-e-type=\"widget\" data-widget_type=\"heading.default\">\n\t\t\t\t<div class=\"elementor-widget-container\">\n\t\t\t\t\t<h1 class=\"elementor-heading-title elementor-size-default\">RV-Lithiumbatterie<\/h1>\t\t\t\t<\/div>\n\t\t\t\t<\/div>\n\t\t\t\t<div class=\"elementor-element elementor-element-31213f1 elementor-widget-divider--view-line elementor-widget elementor-widget-divider\" data-id=\"31213f1\" data-element_type=\"widget\" data-e-type=\"widget\" data-widget_type=\"divider.default\">\n\t\t\t\t<div class=\"elementor-widget-container\">\n\t\t\t\t\t\t\t<div class=\"elementor-divider\">\n\t\t\t<span class=\"elementor-divider-separator\">\n\t\t\t\t\t\t<\/span>\n\t\t<\/div>\n\t\t\t\t\t\t<\/div>\n\t\t\t\t<\/div>\n\t\t\t\t<div class=\"elementor-element elementor-element-ce484f6 elementor-widget elementor-widget-text-editor\" data-id=\"ce484f6\" data-element_type=\"widget\" data-e-type=\"widget\" data-widget_type=\"text-editor.default\">\n\t\t\t\t<div class=\"elementor-widget-container\">\n\t\t\t\t\t\t\t\t\t<p>EnePec New Energy ist spezialisiert auf fortschrittliche Lithium-Batteriepacks f\u00fcr Wohnmobile, Wohnmobile und netzunabh\u00e4ngige Anwendungen. Unsere Lithium-Batteriepacks f\u00fcr Wohnmobile sind in den Ausf\u00fchrungen 12 V, 24 V, 36 V und 48 V mit Kapazit\u00e4ten von 50 Ah bis 300 Ah und Nennleistungen von bis zu 14,4 kWh erh\u00e4ltlich. Dank LiFePO4-Technologie und integriertem BMS-Schutz bieten diese Batterien eine hohe Energiedichte, lange Lebensdauer, ein leichtes Design sowie sichere und zuverl\u00e4ssige Leistung und erf\u00fcllen damit die hohen Anforderungen professioneller B2B-Kunden wie Gro\u00dfh\u00e4ndler, Distributoren und Markeninhaber.<br \/><br \/>EnePec New Energy bietet flexible Anpassungsm\u00f6glichkeiten f\u00fcr alle RV-Lithiumbatterie-Varianten, einschlie\u00dflich Spannung, Kapazit\u00e4t, Formfaktor und Private-Labeling-Optionen. Diese Pakete eignen sich ideal f\u00fcr Wohnmobile, Campervans, netzunabh\u00e4ngige Reiseausr\u00fcstung und andere mobile Energiel\u00f6sungen und liefern professionellen Kunden stabile und effiziente Energie. Dar\u00fcber hinaus bietet EnePec New Energy umfassenden technischen Support, Beratung vor dem Kauf und Kundendienst. So sind unsere RV-Lithiumbatterien eine vertrauensw\u00fcrdige Wahl f\u00fcr B2B-Partner weltweit.<\/p>\t\t\t\t\t\t\t\t<\/div>\n\t\t\t\t<\/div>\n\t\t\t\t<\/div>\n\t\t\t\t\t<\/div>\n\t\t\t\t<\/div>\n\t\t<div class=\"elementor-element elementor-element-540ff94 e-flex e-con-boxed e-con e-parent\" data-id=\"540ff94\" data-element_type=\"container\" data-e-type=\"container\">\n\t\t\t\t\t<div class=\"e-con-inner\">\n\t\t<div class=\"elementor-element elementor-element-7137f4c e-con-full e-flex e-con e-child\" data-id=\"7137f4c\" data-element_type=\"container\" data-e-type=\"container\">\n\t\t\t\t<\/div>\n\t\t\t\t\t<\/div>\n\t\t\t\t<\/div>\n\t\t<div class=\"elementor-element elementor-element-769ec8b e-flex e-con-boxed e-con e-parent\" data-id=\"769ec8b\" data-element_type=\"container\" data-e-type=\"container\">\n\t\t\t\t\t<div class=\"e-con-inner\">\n\t\t\t\t<div class=\"elementor-element elementor-element-b5e9786 elementor-widget-divider--view-line elementor-widget elementor-widget-divider\" data-id=\"b5e9786\" data-element_type=\"widget\" data-e-type=\"widget\" data-widget_type=\"divider.default\">\n\t\t\t\t<div class=\"elementor-widget-container\">\n\t\t\t\t\t\t\t<div class=\"elementor-divider\">\n\t\t\t<span class=\"elementor-divider-separator\">\n\t\t\t\t\t\t<\/span>\n\t\t<\/div>\n\t\t\t\t\t\t<\/div>\n\t\t\t\t<\/div>\n\t\t\t\t<div class=\"elementor-element elementor-element-31cbd1e elementor-widget elementor-widget-heading\" data-id=\"31cbd1e\" data-element_type=\"widget\" data-e-type=\"widget\" data-widget_type=\"heading.default\">\n\t\t\t\t<div class=\"elementor-widget-container\">\n\t\t\t\t\t<h3 class=\"elementor-heading-title elementor-size-default\">Ben\u00f6tigen Sie weitere Einzelheiten? Bitte kontaktieren Sie uns!<\/h3>\t\t\t\t<\/div>\n\t\t\t\t<\/div>\n\t\t\t\t\t<\/div>\n\t\t\t\t<\/div>\n\t\t<div class=\"elementor-element elementor-element-6c45a82 e-flex e-con-boxed e-con e-parent\" data-id=\"6c45a82\" data-element_type=\"container\" data-e-type=\"container\">\n\t\t\t\t\t<div class=\"e-con-inner\">\n\t\t<div class=\"elementor-element elementor-element-df20ddf e-con-full elementor-hidden-tablet elementor-hidden-mobile e-flex e-con e-child\" data-id=\"df20ddf\" data-element_type=\"container\" data-e-type=\"container\">\n\t\t\t\t<\/div>\n\t\t<div class=\"elementor-element elementor-element-3c09831 e-con-full e-flex e-con e-child\" data-id=\"3c09831\" data-element_type=\"container\" data-e-type=\"container\">\n\t\t\t\t<div class=\"elementor-element elementor-element-86c9a4c elementor-button-align-stretch elementor-widget elementor-widget-form\" data-id=\"86c9a4c\" data-element_type=\"widget\" data-e-type=\"widget\" data-settings=\"{&quot;step_next_label&quot;:&quot;Next&quot;,&quot;step_previous_label&quot;:&quot;Previous&quot;,&quot;button_width&quot;:&quot;100&quot;,&quot;step_type&quot;:&quot;number_text&quot;,&quot;step_icon_shape&quot;:&quot;circle&quot;}\" data-widget_type=\"form.default\">\n\t\t\t\t<div class=\"elementor-widget-container\">\n\t\t\t\t\t\t\t<form class=\"elementor-form\" method=\"post\" name=\"New Form\" aria-label=\"Neues Formular\" action=\"\">\n\t\t\t<input type=\"hidden\" name=\"post_id\" value=\"12742\"\/>\n\t\t\t<input type=\"hidden\" name=\"form_id\" value=\"86c9a4c\"\/>\n\t\t\t<input type=\"hidden\" name=\"referer_title\" value=\"Wholesale RV Lithium Battery Supplier - Kaowin Furniture\" \/>\n\n\t\t\t\t\t\t\t<input type=\"hidden\" name=\"queried_id\" value=\"12742\"\/>\n\t\t\t\n\t\t\t<div class=\"elementor-form-fields-wrapper elementor-labels-above\">\n\t\t\t\t\t\t\t\t<div class=\"elementor-field-type-text elementor-field-group elementor-column elementor-field-group-name elementor-col-100 elementor-field-required elementor-mark-required\">\n\t\t\t\t\t\t\t\t\t\t\t\t<label for=\"form-field-name\" class=\"elementor-field-label\">\n\t\t\t\t\t\t\t\tName\t\t\t\t\t\t\t<\/label>\n\t\t\t\t\t\t\t\t\t\t\t\t\t\t<input size=\"1\" type=\"text\" name=\"form_fields[name]\" id=\"form-field-name\" class=\"elementor-field elementor-size-md  elementor-field-textual\" required=\"required\">\n\t\t\t\t\t\t\t\t\t\t\t<\/div>\n\t\t\t\t\t\t\t\t<div class=\"elementor-field-type-email elementor-field-group elementor-column elementor-field-group-email elementor-col-100 elementor-field-required elementor-mark-required\">\n\t\t\t\t\t\t\t\t\t\t\t\t<label for=\"form-field-email\" class=\"elementor-field-label\">\n\t\t\t\t\t\t\t\tE-Mail\t\t\t\t\t\t\t<\/label>\n\t\t\t\t\t\t\t\t\t\t\t\t\t\t<input size=\"1\" type=\"email\" name=\"form_fields[email]\" id=\"form-field-email\" class=\"elementor-field elementor-size-md  elementor-field-textual\" required=\"required\">\n\t\t\t\t\t\t\t\t\t\t\t<\/div>\n\t\t\t\t\t\t\t\t<div class=\"elementor-field-type-text elementor-field-group elementor-column elementor-field-group-field_d5aad89 elementor-col-100\">\n\t\t\t\t\t\t\t\t\t\t\t\t<label for=\"form-field-field_d5aad89\" class=\"elementor-field-label\">\n\t\t\t\t\t\t\t\tAnfrage und Menge\t\t\t\t\t\t\t<\/label>\n\t\t\t\t\t\t\t\t\t\t\t\t\t\t<input size=\"1\" type=\"text\" name=\"form_fields[field_d5aad89]\" id=\"form-field-field_d5aad89\" class=\"elementor-field elementor-size-md  elementor-field-textual\">\n\t\t\t\t\t\t\t\t\t\t\t<\/div>\n\t\t\t\t\t\t\t\t<div class=\"elementor-field-type-textarea elementor-field-group elementor-column elementor-field-group-message elementor-col-100 elementor-field-required elementor-mark-required\">\n\t\t\t\t\t\t\t\t\t\t\t\t<label for=\"form-field-message\" class=\"elementor-field-label\">\n\t\t\t\t\t\t\t\tErz\u00e4hlen Sie uns etwas \u00fcber Ihr Projekt\t\t\t\t\t\t\t<\/label>\n\t\t\t\t\t\t<textarea class=\"elementor-field-textual elementor-field  elementor-size-md\" name=\"form_fields[message]\" id=\"form-field-message\" rows=\"8\" required=\"required\"><\/textarea>\t\t\t\t<\/div>\n\t\t\t\t\t\t\t\t<div class=\"elementor-field-type-recaptcha_v3 elementor-field-group elementor-column elementor-field-group-field_fc36adc elementor-col-100 recaptcha_v3-bottomright\">\n\t\t\t\t\t<div class=\"elementor-field\" id=\"form-field-field_fc36adc\"><div class=\"elementor-g-recaptcha\" data-sitekey=\"6LfHtd0sAAAAAC97wc2Q1ogC1oFvGzxeAKwZwAgL\" data-type=\"v3\" data-action=\"Form\" data-badge=\"bottomright\" data-size=\"invisible\"><\/div><\/div>\t\t\t\t<\/div>\n\t\t\t\t\t\t\t\t<div class=\"elementor-field-group elementor-column elementor-field-type-submit elementor-col-100 e-form__buttons\">\n\t\t\t\t\t<button class=\"elementor-button elementor-size-lg\" type=\"submit\">\n\t\t\t\t\t\t<span class=\"elementor-button-content-wrapper\">\n\t\t\t\t\t\t\t\t\t\t\t\t\t\t\t\t\t\t\t\t\t\t<span class=\"elementor-button-text\">Einreichen<\/span>\n\t\t\t\t\t\t\t\t\t\t\t\t\t<\/span>\n\t\t\t\t\t<\/button>\n\t\t\t\t<\/div>\n\t\t\t<\/div>\n\t\t<input type=\"hidden\" name=\"trp-form-language\" value=\"de\"\/><\/form>\n\t\t\t\t\t\t<\/div>\n\t\t\t\t<\/div>\n\t\t\t\t<\/div>\n\t\t<div class=\"elementor-element elementor-element-525a4fd e-con-full elementor-hidden-tablet elementor-hidden-mobile e-flex e-con e-child\" data-id=\"525a4fd\" data-element_type=\"container\" data-e-type=\"container\">\n\t\t\t\t<\/div>\n\t\t\t\t\t<\/div>\n\t\t\t\t<\/div>\n\t\t<div class=\"elementor-element elementor-element-c14a034 e-flex e-con-boxed e-con e-parent\" data-id=\"c14a034\" data-element_type=\"container\" data-e-type=\"container\">\n\t\t\t\t\t<div class=\"e-con-inner\">\n\t\t\t\t<div class=\"elementor-element elementor-element-70f18f1 elementor-toc--minimized-on-tablet elementor-widget elementor-widget-table-of-contents\" data-id=\"70f18f1\" data-element_type=\"widget\" data-e-type=\"widget\" data-settings=\"{&quot;headings_by_tags&quot;:[&quot;h4&quot;],&quot;exclude_headings_by_selector&quot;:[],&quot;marker_view&quot;:&quot;bullets&quot;,&quot;icon&quot;:{&quot;value&quot;:&quot;fas fa-circle&quot;,&quot;library&quot;:&quot;fa-solid&quot;,&quot;rendered_tag&quot;:&quot;&lt;svg class=\\&quot;e-font-icon-svg e-fas-circle\\&quot; viewBox=\\&quot;0 0 512 512\\&quot; xmlns=\\&quot;http:\\\/\\\/www.w3.org\\\/2000\\\/svg\\&quot;&gt;&lt;path d=\\&quot;M256 8C119 8 8 119 8 256s111 248 248 248 248-111 248-248S393 8 256 8z\\&quot;&gt;&lt;\\\/path&gt;&lt;\\\/svg&gt;&quot;},&quot;no_headings_message&quot;:&quot;No headings were found on this page.&quot;,&quot;minimize_box&quot;:&quot;yes&quot;,&quot;minimized_on&quot;:&quot;tablet&quot;,&quot;hierarchical_view&quot;:&quot;yes&quot;,&quot;min_height&quot;:{&quot;unit&quot;:&quot;px&quot;,&quot;size&quot;:&quot;&quot;,&quot;sizes&quot;:[]},&quot;min_height_tablet&quot;:{&quot;unit&quot;:&quot;px&quot;,&quot;size&quot;:&quot;&quot;,&quot;sizes&quot;:[]},&quot;min_height_mobile&quot;:{&quot;unit&quot;:&quot;px&quot;,&quot;size&quot;:&quot;&quot;,&quot;sizes&quot;:[]}}\" data-widget_type=\"table-of-contents.default\">\n\t\t\t\t<div class=\"elementor-widget-container\">\n\t\t\t\t\t\t\t\t\t<div class=\"elementor-toc__header\">\n\t\t\t\t\t\t<h4 class=\"elementor-toc__header-title\">\n\t\t\t\tFAQ \u2013 EnePec New Energy RV-Lithiumbatterien\t\t\t<\/h4>\n\t\t\t\t\t\t\t\t\t\t<div class=\"elementor-toc__toggle-button elementor-toc__toggle-button--expand\" role=\"button\" tabindex=\"0\" aria-controls=\"elementor-toc__70f18f1\" aria-expanded=\"true\" aria-label=\"Inhaltsverzeichnis \u00f6ffnen\" data-no-translation-aria-label=\"\"><svg aria-hidden=\"true\" class=\"e-font-icon-svg e-fas-chevron-down\" viewbox=\"0 0 448 512\" xmlns=\"http:\/\/www.w3.org\/2000\/svg\"><path d=\"M207.029 381.476L12.686 187.132c-9.373-9.373-9.373-24.569 0-33.941l22.667-22.667c9.357-9.357 24.522-9.375 33.901-.04L224 284.505l154.745-154.021c9.379-9.335 24.544-9.317 33.901.04l22.667 22.667c9.373 9.373 9.373 24.569 0 33.941L240.971 381.476c-9.373 9.372-24.569 9.372-33.942 0z\"><\/path><\/svg><\/div>\n\t\t\t\t<div class=\"elementor-toc__toggle-button elementor-toc__toggle-button--collapse\" role=\"button\" tabindex=\"0\" aria-controls=\"elementor-toc__70f18f1\" aria-expanded=\"true\" aria-label=\"Inhaltsverzeichnis schlie\u00dfen\" data-no-translation-aria-label=\"\"><svg aria-hidden=\"true\" class=\"e-font-icon-svg e-fas-chevron-up\" viewbox=\"0 0 448 512\" xmlns=\"http:\/\/www.w3.org\/2000\/svg\"><path d=\"M240.971 130.524l194.343 194.343c9.373 9.373 9.373 24.569 0 33.941l-22.667 22.667c-9.357 9.357-24.522 9.375-33.901.04L224 227.495 69.255 381.516c-9.379 9.335-24.544 9.317-33.901-.04l-22.667-22.667c-9.373-9.373-9.373-24.569 0-33.941L207.03 130.525c9.372-9.373 24.568-9.373 33.941-.001z\"><\/path><\/svg><\/div>\n\t\t\t\t\t<\/div>\n\t\t\t\t<div id=\"elementor-toc__70f18f1\" class=\"elementor-toc__body\">\n\t\t\t<div class=\"elementor-toc__spinner-container\">\n\t\t\t\t<svg class=\"elementor-toc__spinner eicon-animation-spin e-font-icon-svg e-eicon-loading\" aria-hidden=\"true\" viewbox=\"0 0 1000 1000\" xmlns=\"http:\/\/www.w3.org\/2000\/svg\"><path d=\"M500 975V858C696 858 858 696 858 500S696 142 500 142 142 304 142 500H25C25 237 238 25 500 25S975 237 975 500 763 975 500 975Z\"><\/path><\/svg>\t\t\t<\/div>\n\t\t<\/div>\n\t\t\t\t\t\t<\/div>\n\t\t\t\t<\/div>\n\t\t\t\t<div class=\"elementor-element elementor-element-8041847 elementor-widget elementor-widget-spacer\" data-id=\"8041847\" data-element_type=\"widget\" data-e-type=\"widget\" data-widget_type=\"spacer.default\">\n\t\t\t\t<div class=\"elementor-widget-container\">\n\t\t\t\t\t\t\t<div class=\"elementor-spacer\">\n\t\t\t<div class=\"elementor-spacer-inner\"><\/div>\n\t\t<\/div>\n\t\t\t\t\t\t<\/div>\n\t\t\t\t<\/div>\n\t\t\t\t<div class=\"elementor-element elementor-element-82355f4 elementor-widget elementor-widget-text-editor\" data-id=\"82355f4\" data-element_type=\"widget\" data-e-type=\"widget\" data-widget_type=\"text-editor.default\">\n\t\t\t\t<div class=\"elementor-widget-container\">\n\t\t\t\t\t\t\t\t\t<h4>1. Welche Spannungsoptionen sind f\u00fcr die Lithiumbatterievarianten von EnePec New Energy RV verf\u00fcgbar?<\/h4><p>EnePec New Energy bietet Lithiumbatterievarianten f\u00fcr Wohnmobile in den Systemen 12 V, 24 V, 36 V und 48 V an und stellt damit flexible L\u00f6sungen f\u00fcr Gro\u00dfh\u00e4ndler, Markeninhaber und H\u00e4ndler bereit, die Wohnmobile, Wohnwagen oder netzunabh\u00e4ngige Fahrzeuge mit Strom versorgen m\u00f6chten.<\/p><h4>2. Welche Kapazit\u00e4tsoptionen kann EnePec New Energy f\u00fcr Lithium-Batteriepacks f\u00fcr Wohnmobile bereitstellen?<\/h4><p>Unsere Lithiumbatterievarianten f\u00fcr Wohnmobile sind in Kapazit\u00e4ten von 50 Ah bis 300 Ah erh\u00e4ltlich, sodass B2B-Kunden das ideale Paket f\u00fcr unterschiedliche Wohnmobilgr\u00f6\u00dfen, Reisedauern und Energieanforderungen ausw\u00e4hlen k\u00f6nnen.<\/p><h4>3. Was sind die typischen Energiespezifikationen f\u00fcr EnePec New Energy RV-Lithiumbatterien?<\/h4><p>Je nach Spannung und Kapazit\u00e4t bieten unsere RV-Lithium-Akkupacks Energiewerte von 600 Wh bis 14,4 kWh und liefern leistungsstarke, zuverl\u00e4ssige und leichte Energie f\u00fcr professionelle Anwendungen.<\/p><h4>4. K\u00f6nnen EnePec New Energy RV-Lithiumbatterien f\u00fcr bestimmte Anwendungen verwendet werden?<\/h4><p>Ja, unsere RV-Lithiumbatterievarianten werden h\u00e4ufig f\u00fcr Freizeitfahrzeuge, Wohnmobile, Campervans und netzunabh\u00e4ngige Reiseausr\u00fcstungen verwendet und bieten B2B-Kunden stabile, sichere und effiziente Energie.<\/p><h4>5. Was sind die wichtigsten Merkmale und technologischen Vorteile der Lithiumbatterien von EnePec New Energy RV?<\/h4><p>Die Lithiumbatteriel\u00f6sungen von EnePec New Energy f\u00fcr Wohnmobile nutzen die LiFePO4-Technologie und bieten eine hohe Energiedichte, lange Lebensdauer, ein leichtes Design, integrierten BMS-Schutz und minimalen Wartungsaufwand. Damit sind sie ideal f\u00fcr professionelle Wohnmobilh\u00e4ndler und Markeninhaber.<\/p><h4>6. Wie hoch ist die typische Lebensdauer der Lithium-Akkupacks von EnePec New Energy RV?<\/h4><p>Unsere RV-Lithiumbatterievarianten bieten bis zu 3.000\u20135.000 Lade-\/Entladezyklen und gew\u00e4hrleisten so langfristige Zuverl\u00e4ssigkeit und konstante Leistung f\u00fcr industrielle, kommerzielle und reisebezogene Anwendungen.<\/p><h4>7. Kann ich bei EnePec New Energy Lithium-Akkupacks f\u00fcr Wohnmobile im Gro\u00dfhandel bestellen?<\/h4><p>Absolut. Wir bieten RV-Lithiumbatterievarianten in gro\u00dfen Mengen f\u00fcr Gro\u00dfh\u00e4ndler, Markeninhaber und Distributoren an und unterst\u00fctzen OEM\/ODM-Anpassungen, Private Labeling und technische Beratung f\u00fcr professionelle B2B-Kunden.<\/p><h4>8. Welchen Service und Kundendienst bietet EnePec New Energy f\u00fcr Kunden von RV-Lithiumbatterien?<\/h4><p>EnePec New Energy bietet umfassende Beratung vor dem Verkauf, technischen Support, Unterst\u00fctzung bei der individuellen Anpassung und Kundendienst f\u00fcr alle RV-Lithiumbatterievarianten und gew\u00e4hrleistet so eine reibungslose Integration, einen sicheren Betrieb und eine zuverl\u00e4ssige Leistung f\u00fcr Gesch\u00e4ftspartner.<\/p>\t\t\t\t\t\t\t\t<\/div>\n\t\t\t\t<\/div>\n\t\t\t\t\t<\/div>\n\t\t\t\t<\/div>\n\t\t\t\t<\/div>","protected":false},"excerpt":{"rendered":"<p>EnePec New Energy specializes in advanced RV Lithium Battery packs designed for recreational vehicles, motorhomes, and off-grid travel applications. Our RV Lithium Battery variants offer 12V, 24V, 36V, and 48V options with capacities ranging from 50Ah to 300Ah and energy ratings up to 14.4kWh. Built with LiFePO4 technology and integrated BMS protection, these batteries provide&hellip;<\/p>","protected":false},"author":1,"featured_media":0,"parent":0,"menu_order":0,"comment_status":"closed","ping_status":"closed","template":"elementor_header_footer","meta":{"footnotes":""},"class_list":["post-12742","page","type-page","status-publish","hentry"],"yoast_head":"<!-- This site is optimized with the Yoast SEO plugin v27.5 - https:\/\/yoast.com\/product\/yoast-seo-wordpress\/ -->\n<title>Wholesale RV Lithium Battery Supplier - Kaowin Furniture<\/title>\n<meta name=\"description\" content=\"Are you looking for best RV Lithium Battery factory? We are the reliable partner manufacturer. Contact us!\" \/>\n<meta name=\"robots\" content=\"index, follow, max-snippet:-1, max-image-preview:large, max-video-preview:-1\" \/>\n<link rel=\"canonical\" href=\"https:\/\/ikaowin.com\/de\/rv-lithium-battery\/\" \/>\n<meta property=\"og:locale\" content=\"de_DE\" \/>\n<meta property=\"og:type\" content=\"article\" \/>\n<meta property=\"og:title\" content=\"Wholesale RV Lithium Battery Supplier - Kaowin Furniture\" \/>\n<meta property=\"og:description\" content=\"Are you looking for best RV Lithium Battery factory? We are the reliable partner manufacturer. Contact us!\" \/>\n<meta property=\"og:url\" content=\"https:\/\/ikaowin.com\/de\/rv-lithium-battery\/\" \/>\n<meta property=\"og:site_name\" content=\"Kaowin Furniture\" \/>\n<meta property=\"article:modified_time\" content=\"2025-10-06T10:04:53+00:00\" \/>\n<meta name=\"twitter:card\" content=\"summary_large_image\" \/>\n<meta name=\"twitter:label1\" content=\"Gesch\u00e4tzte Lesezeit\" \/>\n\t<meta name=\"twitter:data1\" content=\"4\u00a0Minuten\" \/>\n<script type=\"application\/ld+json\" class=\"yoast-schema-graph\">{\"@context\":\"https:\\\/\\\/schema.org\",\"@graph\":[{\"@type\":\"WebPage\",\"@id\":\"https:\\\/\\\/ikaowin.com\\\/rv-lithium-battery\\\/\",\"url\":\"https:\\\/\\\/ikaowin.com\\\/rv-lithium-battery\\\/\",\"name\":\"Wholesale RV Lithium Battery Supplier - Kaowin Furniture\",\"isPartOf\":{\"@id\":\"https:\\\/\\\/ikaowin.com\\\/#website\"},\"datePublished\":\"2025-10-06T10:02:17+00:00\",\"dateModified\":\"2025-10-06T10:04:53+00:00\",\"description\":\"Are you looking for best RV Lithium Battery factory? We are the reliable partner manufacturer. Contact us!\",\"breadcrumb\":{\"@id\":\"https:\\\/\\\/ikaowin.com\\\/rv-lithium-battery\\\/#breadcrumb\"},\"inLanguage\":\"de\",\"potentialAction\":[{\"@type\":\"ReadAction\",\"target\":[\"https:\\\/\\\/ikaowin.com\\\/rv-lithium-battery\\\/\"]}]},{\"@type\":\"BreadcrumbList\",\"@id\":\"https:\\\/\\\/ikaowin.com\\\/rv-lithium-battery\\\/#breadcrumb\",\"itemListElement\":[{\"@type\":\"ListItem\",\"position\":1,\"name\":\"Home\",\"item\":\"https:\\\/\\\/ikaowin.com\\\/\"},{\"@type\":\"ListItem\",\"position\":2,\"name\":\"RV Lithium Battery\"}]},{\"@type\":\"WebSite\",\"@id\":\"https:\\\/\\\/ikaowin.com\\\/#website\",\"url\":\"https:\\\/\\\/ikaowin.com\\\/\",\"name\":\"Kaowin Furniture\",\"description\":\"\",\"publisher\":{\"@id\":\"https:\\\/\\\/ikaowin.com\\\/#organization\"},\"potentialAction\":[{\"@type\":\"SearchAction\",\"target\":{\"@type\":\"EntryPoint\",\"urlTemplate\":\"https:\\\/\\\/ikaowin.com\\\/?s={search_term_string}\"},\"query-input\":{\"@type\":\"PropertyValueSpecification\",\"valueRequired\":true,\"valueName\":\"search_term_string\"}}],\"inLanguage\":\"de\"},{\"@type\":\"Organization\",\"@id\":\"https:\\\/\\\/ikaowin.com\\\/#organization\",\"name\":\"Kaowin Furniture\",\"url\":\"https:\\\/\\\/ikaowin.com\\\/\",\"logo\":{\"@type\":\"ImageObject\",\"inLanguage\":\"de\",\"@id\":\"https:\\\/\\\/ikaowin.com\\\/#\\\/schema\\\/logo\\\/image\\\/\",\"url\":\"https:\\\/\\\/ikaowin.com\\\/wp-content\\\/uploads\\\/2024\\\/12\\\/logo-2.png\",\"contentUrl\":\"https:\\\/\\\/ikaowin.com\\\/wp-content\\\/uploads\\\/2024\\\/12\\\/logo-2.png\",\"width\":600,\"height\":293,\"caption\":\"Kaowin Furniture\"},\"image\":{\"@id\":\"https:\\\/\\\/ikaowin.com\\\/#\\\/schema\\\/logo\\\/image\\\/\"}}]}<\/script>\n<!-- \/ Yoast SEO plugin. -->","yoast_head_json":{"title":"Wholesale RV Lithium Battery Supplier - Kaowin Furniture","description":"Are you looking for best RV Lithium Battery factory? We are the reliable partner manufacturer. Contact us!","robots":{"index":"index","follow":"follow","max-snippet":"max-snippet:-1","max-image-preview":"max-image-preview:large","max-video-preview":"max-video-preview:-1"},"canonical":"https:\/\/ikaowin.com\/de\/rv-lithium-battery\/","og_locale":"de_DE","og_type":"article","og_title":"Wholesale RV Lithium Battery Supplier - Kaowin Furniture","og_description":"Are you looking for best RV Lithium Battery factory? We are the reliable partner manufacturer. Contact us!","og_url":"https:\/\/ikaowin.com\/de\/rv-lithium-battery\/","og_site_name":"Kaowin Furniture","article_modified_time":"2025-10-06T10:04:53+00:00","twitter_card":"summary_large_image","twitter_misc":{"Gesch\u00e4tzte Lesezeit":"4\u00a0Minuten"},"schema":{"@context":"https:\/\/schema.org","@graph":[{"@type":"WebPage","@id":"https:\/\/ikaowin.com\/rv-lithium-battery\/","url":"https:\/\/ikaowin.com\/rv-lithium-battery\/","name":"Wholesale RV Lithium Battery Supplier - Kaowin Furniture","isPartOf":{"@id":"https:\/\/ikaowin.com\/#website"},"datePublished":"2025-10-06T10:02:17+00:00","dateModified":"2025-10-06T10:04:53+00:00","description":"Are you looking for best RV Lithium Battery factory? We are the reliable partner manufacturer. Contact us!","breadcrumb":{"@id":"https:\/\/ikaowin.com\/rv-lithium-battery\/#breadcrumb"},"inLanguage":"de","potentialAction":[{"@type":"ReadAction","target":["https:\/\/ikaowin.com\/rv-lithium-battery\/"]}]},{"@type":"BreadcrumbList","@id":"https:\/\/ikaowin.com\/rv-lithium-battery\/#breadcrumb","itemListElement":[{"@type":"ListItem","position":1,"name":"Home","item":"https:\/\/ikaowin.com\/"},{"@type":"ListItem","position":2,"name":"RV Lithium Battery"}]},{"@type":"WebSite","@id":"https:\/\/ikaowin.com\/#website","url":"https:\/\/ikaowin.com\/","name":"Kaowin Furniture","description":"","publisher":{"@id":"https:\/\/ikaowin.com\/#organization"},"potentialAction":[{"@type":"SearchAction","target":{"@type":"EntryPoint","urlTemplate":"https:\/\/ikaowin.com\/?s={search_term_string}"},"query-input":{"@type":"PropertyValueSpecification","valueRequired":true,"valueName":"search_term_string"}}],"inLanguage":"de"},{"@type":"Organization","@id":"https:\/\/ikaowin.com\/#organization","name":"Kaowin Furniture","url":"https:\/\/ikaowin.com\/","logo":{"@type":"ImageObject","inLanguage":"de","@id":"https:\/\/ikaowin.com\/#\/schema\/logo\/image\/","url":"https:\/\/ikaowin.com\/wp-content\/uploads\/2024\/12\/logo-2.png","contentUrl":"https:\/\/ikaowin.com\/wp-content\/uploads\/2024\/12\/logo-2.png","width":600,"height":293,"caption":"Kaowin Furniture"},"image":{"@id":"https:\/\/ikaowin.com\/#\/schema\/logo\/image\/"}}]}},"_links":{"self":[{"href":"https:\/\/ikaowin.com\/de\/wp-json\/wp\/v2\/pages\/12742","targetHints":{"allow":["GET"]}}],"collection":[{"href":"https:\/\/ikaowin.com\/de\/wp-json\/wp\/v2\/pages"}],"about":[{"href":"https:\/\/ikaowin.com\/de\/wp-json\/wp\/v2\/types\/page"}],"author":[{"embeddable":true,"href":"https:\/\/ikaowin.com\/de\/wp-json\/wp\/v2\/users\/1"}],"replies":[{"embeddable":true,"href":"https:\/\/ikaowin.com\/de\/wp-json\/wp\/v2\/comments?post=12742"}],"version-history":[{"count":7,"href":"https:\/\/ikaowin.com\/de\/wp-json\/wp\/v2\/pages\/12742\/revisions"}],"predecessor-version":[{"id":12781,"href":"https:\/\/ikaowin.com\/de\/wp-json\/wp\/v2\/pages\/12742\/revisions\/12781"}],"wp:attachment":[{"href":"https:\/\/ikaowin.com\/de\/wp-json\/wp\/v2\/media?parent=12742"}],"curies":[{"name":"wp","href":"https:\/\/api.w.org\/{rel}","templated":true}]}}