{"id":12744,"date":"2025-10-06T10:12:43","date_gmt":"2025-10-06T10:12:43","guid":{"rendered":"https:\/\/ikaowin.com\/?page_id=12744"},"modified":"2025-10-06T10:14:22","modified_gmt":"2025-10-06T10:14:22","slug":"wall-mounted-battery","status":"publish","type":"page","link":"https:\/\/ikaowin.com\/de\/wall-mounted-battery\/","title":{"rendered":"Wandmontierte Batterie"},"content":{"rendered":"<div data-elementor-type=\"wp-page\" data-elementor-id=\"12744\" class=\"elementor elementor-12744\" data-elementor-post-type=\"page\">\n\t\t\t\t<div class=\"elementor-element elementor-element-f3eedf4 e-flex e-con-boxed e-con e-parent\" data-id=\"f3eedf4\" data-element_type=\"container\" data-e-type=\"container\">\n\t\t\t\t\t<div class=\"e-con-inner\">\n\t\t<div class=\"elementor-element elementor-element-36ebc5d e-con-full e-flex e-con e-child\" data-id=\"36ebc5d\" data-element_type=\"container\" data-e-type=\"container\">\n\t\t\t\t<div class=\"elementor-element elementor-element-3e97b4f elementor-widget elementor-widget-heading\" data-id=\"3e97b4f\" data-element_type=\"widget\" data-e-type=\"widget\" data-widget_type=\"heading.default\">\n\t\t\t\t<div class=\"elementor-widget-container\">\n\t\t\t\t\t<h1 class=\"elementor-heading-title elementor-size-default\">Wandmontierte Batterie<\/h1>\t\t\t\t<\/div>\n\t\t\t\t<\/div>\n\t\t\t\t<div class=\"elementor-element elementor-element-31213f1 elementor-widget-divider--view-line elementor-widget elementor-widget-divider\" data-id=\"31213f1\" data-element_type=\"widget\" data-e-type=\"widget\" data-widget_type=\"divider.default\">\n\t\t\t\t<div class=\"elementor-widget-container\">\n\t\t\t\t\t\t\t<div class=\"elementor-divider\">\n\t\t\t<span class=\"elementor-divider-separator\">\n\t\t\t\t\t\t<\/span>\n\t\t<\/div>\n\t\t\t\t\t\t<\/div>\n\t\t\t\t<\/div>\n\t\t\t\t<div class=\"elementor-element elementor-element-ce484f6 elementor-widget elementor-widget-text-editor\" data-id=\"ce484f6\" data-element_type=\"widget\" data-e-type=\"widget\" data-widget_type=\"text-editor.default\">\n\t\t\t\t<div class=\"elementor-widget-container\">\n\t\t\t\t\t\t\t\t\t<p>EnePec New Energy ist spezialisiert auf die Entwicklung und Herstellung leistungsstarker Lithiumbatterien f\u00fcr Golfwagen, die f\u00fcr eine stabile und langlebige Stromversorgung ausgelegt sind. Im Vergleich zu herk\u00f6mmlichen Blei-S\u00e4ure-Batterien bietet unsere Lithiumbatterieserie f\u00fcr elektrische Golfwagen schnelleres Laden, eine l\u00e4ngere Lebensdauer und eine h\u00f6here Energieeffizienz \u2013 f\u00fcr einen reibungslosen Betrieb auf jedem Platz. Ob Sie Golfwagen vertreiben oder OEM-Marken besitzen \u2013 unsere Lithiumbatteriesysteme erweitern Ihr Produktportfolio durch \u00fcberlegene Leistung und Zuverl\u00e4ssigkeit.<\/p><p>F\u00fcr Gro\u00dfh\u00e4ndler und Markeninhaber bietet EnePec New Energy umfassende Anpassungen f\u00fcr 36-V-, 48-V- und 72-V-Golfwagenbatteriesysteme. Von Geh\u00e4usedesign und Steckertyp \u00fcber BMS-Konfiguration bis hin zum Logodruck passen wir jedes Paket individuell an Ihre Marke und Ihre technischen Anforderungen an. Unser Engineering-Team unterst\u00fctzt sowohl Kleinserien als auch Gro\u00dfserien und macht EnePec New Energy zu Ihrem zuverl\u00e4ssigen Partner f\u00fcr die Herstellung von Lithiumbatterien f\u00fcr Golfwagen.<\/p>\t\t\t\t\t\t\t\t<\/div>\n\t\t\t\t<\/div>\n\t\t\t\t<\/div>\n\t\t\t\t\t<\/div>\n\t\t\t\t<\/div>\n\t\t<div class=\"elementor-element elementor-element-540ff94 e-flex e-con-boxed e-con e-parent\" data-id=\"540ff94\" data-element_type=\"container\" data-e-type=\"container\">\n\t\t\t\t\t<div class=\"e-con-inner\">\n\t\t<div class=\"elementor-element elementor-element-7137f4c e-con-full e-flex e-con e-child\" data-id=\"7137f4c\" data-element_type=\"container\" data-e-type=\"container\">\n\t\t\t\t<\/div>\n\t\t\t\t\t<\/div>\n\t\t\t\t<\/div>\n\t\t<div class=\"elementor-element elementor-element-769ec8b e-flex e-con-boxed e-con e-parent\" data-id=\"769ec8b\" data-element_type=\"container\" data-e-type=\"container\">\n\t\t\t\t\t<div class=\"e-con-inner\">\n\t\t\t\t<div class=\"elementor-element elementor-element-b5e9786 elementor-widget-divider--view-line elementor-widget elementor-widget-divider\" data-id=\"b5e9786\" data-element_type=\"widget\" data-e-type=\"widget\" data-widget_type=\"divider.default\">\n\t\t\t\t<div class=\"elementor-widget-container\">\n\t\t\t\t\t\t\t<div class=\"elementor-divider\">\n\t\t\t<span class=\"elementor-divider-separator\">\n\t\t\t\t\t\t<\/span>\n\t\t<\/div>\n\t\t\t\t\t\t<\/div>\n\t\t\t\t<\/div>\n\t\t\t\t<div class=\"elementor-element elementor-element-31cbd1e elementor-widget elementor-widget-heading\" data-id=\"31cbd1e\" data-element_type=\"widget\" data-e-type=\"widget\" data-widget_type=\"heading.default\">\n\t\t\t\t<div class=\"elementor-widget-container\">\n\t\t\t\t\t<h3 class=\"elementor-heading-title elementor-size-default\">Ben\u00f6tigen Sie weitere Einzelheiten? Bitte kontaktieren Sie uns!<\/h3>\t\t\t\t<\/div>\n\t\t\t\t<\/div>\n\t\t\t\t\t<\/div>\n\t\t\t\t<\/div>\n\t\t<div class=\"elementor-element elementor-element-6c45a82 e-flex e-con-boxed e-con e-parent\" data-id=\"6c45a82\" data-element_type=\"container\" data-e-type=\"container\">\n\t\t\t\t\t<div class=\"e-con-inner\">\n\t\t<div class=\"elementor-element elementor-element-df20ddf e-con-full elementor-hidden-tablet elementor-hidden-mobile e-flex e-con e-child\" data-id=\"df20ddf\" data-element_type=\"container\" data-e-type=\"container\">\n\t\t\t\t<\/div>\n\t\t<div class=\"elementor-element elementor-element-3c09831 e-con-full e-flex e-con e-child\" data-id=\"3c09831\" data-element_type=\"container\" data-e-type=\"container\">\n\t\t\t\t<div class=\"elementor-element elementor-element-86c9a4c elementor-button-align-stretch elementor-widget elementor-widget-form\" data-id=\"86c9a4c\" data-element_type=\"widget\" data-e-type=\"widget\" data-settings=\"{&quot;step_next_label&quot;:&quot;Next&quot;,&quot;step_previous_label&quot;:&quot;Previous&quot;,&quot;button_width&quot;:&quot;100&quot;,&quot;step_type&quot;:&quot;number_text&quot;,&quot;step_icon_shape&quot;:&quot;circle&quot;}\" data-widget_type=\"form.default\">\n\t\t\t\t<div class=\"elementor-widget-container\">\n\t\t\t\t\t\t\t<form class=\"elementor-form\" method=\"post\" name=\"New Form\" aria-label=\"Neues Formular\" action=\"\">\n\t\t\t<input type=\"hidden\" name=\"post_id\" value=\"12744\"\/>\n\t\t\t<input type=\"hidden\" name=\"form_id\" value=\"86c9a4c\"\/>\n\t\t\t<input type=\"hidden\" name=\"referer_title\" value=\"Wholesale Wall Mounted Battery Supplier - Kaowin Furniture\" \/>\n\n\t\t\t\t\t\t\t<input type=\"hidden\" name=\"queried_id\" value=\"12744\"\/>\n\t\t\t\n\t\t\t<div class=\"elementor-form-fields-wrapper elementor-labels-above\">\n\t\t\t\t\t\t\t\t<div class=\"elementor-field-type-text elementor-field-group elementor-column elementor-field-group-name elementor-col-100 elementor-field-required elementor-mark-required\">\n\t\t\t\t\t\t\t\t\t\t\t\t<label for=\"form-field-name\" class=\"elementor-field-label\">\n\t\t\t\t\t\t\t\tName\t\t\t\t\t\t\t<\/label>\n\t\t\t\t\t\t\t\t\t\t\t\t\t\t<input size=\"1\" type=\"text\" name=\"form_fields[name]\" id=\"form-field-name\" class=\"elementor-field elementor-size-md  elementor-field-textual\" required=\"required\">\n\t\t\t\t\t\t\t\t\t\t\t<\/div>\n\t\t\t\t\t\t\t\t<div class=\"elementor-field-type-email elementor-field-group elementor-column elementor-field-group-email elementor-col-100 elementor-field-required elementor-mark-required\">\n\t\t\t\t\t\t\t\t\t\t\t\t<label for=\"form-field-email\" class=\"elementor-field-label\">\n\t\t\t\t\t\t\t\tE-Mail\t\t\t\t\t\t\t<\/label>\n\t\t\t\t\t\t\t\t\t\t\t\t\t\t<input size=\"1\" type=\"email\" name=\"form_fields[email]\" id=\"form-field-email\" class=\"elementor-field elementor-size-md  elementor-field-textual\" required=\"required\">\n\t\t\t\t\t\t\t\t\t\t\t<\/div>\n\t\t\t\t\t\t\t\t<div class=\"elementor-field-type-text elementor-field-group elementor-column elementor-field-group-field_d5aad89 elementor-col-100\">\n\t\t\t\t\t\t\t\t\t\t\t\t<label for=\"form-field-field_d5aad89\" class=\"elementor-field-label\">\n\t\t\t\t\t\t\t\tAnfrage und Menge\t\t\t\t\t\t\t<\/label>\n\t\t\t\t\t\t\t\t\t\t\t\t\t\t<input size=\"1\" type=\"text\" name=\"form_fields[field_d5aad89]\" id=\"form-field-field_d5aad89\" class=\"elementor-field elementor-size-md  elementor-field-textual\">\n\t\t\t\t\t\t\t\t\t\t\t<\/div>\n\t\t\t\t\t\t\t\t<div class=\"elementor-field-type-textarea elementor-field-group elementor-column elementor-field-group-message elementor-col-100 elementor-field-required elementor-mark-required\">\n\t\t\t\t\t\t\t\t\t\t\t\t<label for=\"form-field-message\" class=\"elementor-field-label\">\n\t\t\t\t\t\t\t\tErz\u00e4hlen Sie uns etwas \u00fcber Ihr Projekt\t\t\t\t\t\t\t<\/label>\n\t\t\t\t\t\t<textarea class=\"elementor-field-textual elementor-field  elementor-size-md\" name=\"form_fields[message]\" id=\"form-field-message\" rows=\"8\" required=\"required\"><\/textarea>\t\t\t\t<\/div>\n\t\t\t\t\t\t\t\t<div class=\"elementor-field-type-recaptcha_v3 elementor-field-group elementor-column elementor-field-group-field_fc36adc elementor-col-100 recaptcha_v3-bottomright\">\n\t\t\t\t\t<div class=\"elementor-field\" id=\"form-field-field_fc36adc\"><div class=\"elementor-g-recaptcha\" data-sitekey=\"6LfHtd0sAAAAAC97wc2Q1ogC1oFvGzxeAKwZwAgL\" data-type=\"v3\" data-action=\"Form\" data-badge=\"bottomright\" data-size=\"invisible\"><\/div><\/div>\t\t\t\t<\/div>\n\t\t\t\t\t\t\t\t<div class=\"elementor-field-group elementor-column elementor-field-type-submit elementor-col-100 e-form__buttons\">\n\t\t\t\t\t<button class=\"elementor-button elementor-size-lg\" type=\"submit\">\n\t\t\t\t\t\t<span class=\"elementor-button-content-wrapper\">\n\t\t\t\t\t\t\t\t\t\t\t\t\t\t\t\t\t\t\t\t\t\t<span class=\"elementor-button-text\">Einreichen<\/span>\n\t\t\t\t\t\t\t\t\t\t\t\t\t<\/span>\n\t\t\t\t\t<\/button>\n\t\t\t\t<\/div>\n\t\t\t<\/div>\n\t\t<input type=\"hidden\" name=\"trp-form-language\" value=\"de\"\/><\/form>\n\t\t\t\t\t\t<\/div>\n\t\t\t\t<\/div>\n\t\t\t\t<\/div>\n\t\t<div class=\"elementor-element elementor-element-525a4fd e-con-full elementor-hidden-tablet elementor-hidden-mobile e-flex e-con e-child\" data-id=\"525a4fd\" data-element_type=\"container\" data-e-type=\"container\">\n\t\t\t\t<\/div>\n\t\t\t\t\t<\/div>\n\t\t\t\t<\/div>\n\t\t<div class=\"elementor-element elementor-element-c14a034 e-flex e-con-boxed e-con e-parent\" data-id=\"c14a034\" data-element_type=\"container\" data-e-type=\"container\">\n\t\t\t\t\t<div class=\"e-con-inner\">\n\t\t\t\t<div class=\"elementor-element elementor-element-70f18f1 elementor-toc--minimized-on-tablet elementor-widget elementor-widget-table-of-contents\" data-id=\"70f18f1\" data-element_type=\"widget\" data-e-type=\"widget\" data-settings=\"{&quot;headings_by_tags&quot;:[&quot;h4&quot;],&quot;exclude_headings_by_selector&quot;:[],&quot;marker_view&quot;:&quot;bullets&quot;,&quot;icon&quot;:{&quot;value&quot;:&quot;fas fa-circle&quot;,&quot;library&quot;:&quot;fa-solid&quot;,&quot;rendered_tag&quot;:&quot;&lt;svg class=\\&quot;e-font-icon-svg e-fas-circle\\&quot; viewBox=\\&quot;0 0 512 512\\&quot; xmlns=\\&quot;http:\\\/\\\/www.w3.org\\\/2000\\\/svg\\&quot;&gt;&lt;path d=\\&quot;M256 8C119 8 8 119 8 256s111 248 248 248 248-111 248-248S393 8 256 8z\\&quot;&gt;&lt;\\\/path&gt;&lt;\\\/svg&gt;&quot;},&quot;no_headings_message&quot;:&quot;No headings were found on this page.&quot;,&quot;minimize_box&quot;:&quot;yes&quot;,&quot;minimized_on&quot;:&quot;tablet&quot;,&quot;hierarchical_view&quot;:&quot;yes&quot;,&quot;min_height&quot;:{&quot;unit&quot;:&quot;px&quot;,&quot;size&quot;:&quot;&quot;,&quot;sizes&quot;:[]},&quot;min_height_tablet&quot;:{&quot;unit&quot;:&quot;px&quot;,&quot;size&quot;:&quot;&quot;,&quot;sizes&quot;:[]},&quot;min_height_mobile&quot;:{&quot;unit&quot;:&quot;px&quot;,&quot;size&quot;:&quot;&quot;,&quot;sizes&quot;:[]}}\" data-widget_type=\"table-of-contents.default\">\n\t\t\t\t<div class=\"elementor-widget-container\">\n\t\t\t\t\t\t\t\t\t<div class=\"elementor-toc__header\">\n\t\t\t\t\t\t<h4 class=\"elementor-toc__header-title\">\n\t\t\t\tFAQ \u2013 EnePec New Energy Wandmontierte Lithium-Ionen-Batterien\t\t\t<\/h4>\n\t\t\t\t\t\t\t\t\t\t<div class=\"elementor-toc__toggle-button elementor-toc__toggle-button--expand\" role=\"button\" tabindex=\"0\" aria-controls=\"elementor-toc__70f18f1\" aria-expanded=\"true\" aria-label=\"Inhaltsverzeichnis \u00f6ffnen\" data-no-translation-aria-label=\"\"><svg aria-hidden=\"true\" class=\"e-font-icon-svg e-fas-chevron-down\" viewbox=\"0 0 448 512\" xmlns=\"http:\/\/www.w3.org\/2000\/svg\"><path d=\"M207.029 381.476L12.686 187.132c-9.373-9.373-9.373-24.569 0-33.941l22.667-22.667c9.357-9.357 24.522-9.375 33.901-.04L224 284.505l154.745-154.021c9.379-9.335 24.544-9.317 33.901.04l22.667 22.667c9.373 9.373 9.373 24.569 0 33.941L240.971 381.476c-9.373 9.372-24.569 9.372-33.942 0z\"><\/path><\/svg><\/div>\n\t\t\t\t<div class=\"elementor-toc__toggle-button elementor-toc__toggle-button--collapse\" role=\"button\" tabindex=\"0\" aria-controls=\"elementor-toc__70f18f1\" aria-expanded=\"true\" aria-label=\"Inhaltsverzeichnis schlie\u00dfen\" data-no-translation-aria-label=\"\"><svg aria-hidden=\"true\" class=\"e-font-icon-svg e-fas-chevron-up\" viewbox=\"0 0 448 512\" xmlns=\"http:\/\/www.w3.org\/2000\/svg\"><path d=\"M240.971 130.524l194.343 194.343c9.373 9.373 9.373 24.569 0 33.941l-22.667 22.667c-9.357 9.357-24.522 9.375-33.901.04L224 227.495 69.255 381.516c-9.379 9.335-24.544 9.317-33.901-.04l-22.667-22.667c-9.373-9.373-9.373-24.569 0-33.941L207.03 130.525c9.372-9.373 24.568-9.373 33.941-.001z\"><\/path><\/svg><\/div>\n\t\t\t\t\t<\/div>\n\t\t\t\t<div id=\"elementor-toc__70f18f1\" class=\"elementor-toc__body\">\n\t\t\t<div class=\"elementor-toc__spinner-container\">\n\t\t\t\t<svg class=\"elementor-toc__spinner eicon-animation-spin e-font-icon-svg e-eicon-loading\" aria-hidden=\"true\" viewbox=\"0 0 1000 1000\" xmlns=\"http:\/\/www.w3.org\/2000\/svg\"><path d=\"M500 975V858C696 858 858 696 858 500S696 142 500 142 142 304 142 500H25C25 237 238 25 500 25S975 237 975 500 763 975 500 975Z\"><\/path><\/svg>\t\t\t<\/div>\n\t\t<\/div>\n\t\t\t\t\t\t<\/div>\n\t\t\t\t<\/div>\n\t\t\t\t<div class=\"elementor-element elementor-element-8041847 elementor-widget elementor-widget-spacer\" data-id=\"8041847\" data-element_type=\"widget\" data-e-type=\"widget\" data-widget_type=\"spacer.default\">\n\t\t\t\t<div class=\"elementor-widget-container\">\n\t\t\t\t\t\t\t<div class=\"elementor-spacer\">\n\t\t\t<div class=\"elementor-spacer-inner\"><\/div>\n\t\t<\/div>\n\t\t\t\t\t\t<\/div>\n\t\t\t\t<\/div>\n\t\t\t\t<div class=\"elementor-element elementor-element-82355f4 elementor-widget elementor-widget-text-editor\" data-id=\"82355f4\" data-element_type=\"widget\" data-e-type=\"widget\" data-widget_type=\"text-editor.default\">\n\t\t\t\t<div class=\"elementor-widget-container\">\n\t\t\t\t\t\t\t\t\t<h4>1. Welche Spannungs- und Kapazit\u00e4tsoptionen sind f\u00fcr die wandmontierten LiFePO4-Batterievarianten von EnePec New Energy verf\u00fcgbar?<\/h4><p>EnePec New Energy bietet wandmontierte LiFePO4-Batterievarianten in 12-V-, 24-V-, 48-V- und 72-V-Systemen mit Kapazit\u00e4ten von 50 Ah bis 500 Ah an und bietet flexible Energiel\u00f6sungen f\u00fcr B2B-Kunden wie Gro\u00dfh\u00e4ndler, Markeninhaber und Distributoren.<\/p><h4>2. Was sind die Energiespezifikationen f\u00fcr wandmontierte LiFePO4-Batterien von EnePec New Energy?<\/h4><p>Unsere wandmontierten LiFePO4-Batterievarianten bieten Energiewerte von 600 Wh bis 20 kWh, eignen sich f\u00fcr die Energiespeicherung im Haushalt, in Gewerbegeb\u00e4uden und f\u00fcr industrielle Anwendungen und gew\u00e4hrleisten eine leistungsstarke und zuverl\u00e4ssige Stromversorgung.<\/p><h4>3. K\u00f6nnen wandmontierte LiFePO4-Batterien von EnePec New Energy f\u00fcr bestimmte Anwendungen verwendet werden?<\/h4><p>Ja, diese wandmontierten LiFePO4-Batterievarianten eignen sich ideal f\u00fcr private und gewerbliche Solarspeicher, Notstromsysteme und netzunabh\u00e4ngige Energieanwendungen und bieten stabile und effiziente Stromversorgungsl\u00f6sungen f\u00fcr professionelle Kunden.<\/p><h4>4. Was sind die wichtigsten technologischen Merkmale der wandmontierten LiFePO4-Batterien von EnePec New Energy?<\/h4><p>Unsere wandmontierten LiFePO4-Batterievarianten nutzen die LiFePO4-Technologie mit fortschrittlichem BMS und bieten Schutz vor \u00dcberladung, \u00dcberentladung, Kurzschluss und \u00dcberhitzung, wodurch hohe Sicherheit, minimaler Wartungsaufwand und lang anhaltende Leistung gew\u00e4hrleistet werden.<\/p><h4>5. Welche Hauptfunktionen und L\u00f6sungen bieten die wandmontierten LiFePO4-Batterien von EnePec New Energy?<\/h4><p>Die wandmontierten LiFePO4-Batteriel\u00f6sungen von EnePec New Energy bieten modulares Design, skalierbare Kapazit\u00e4t, einfache Installation und intelligente \u00dcberwachung und erm\u00f6glichen B2B-Kunden die nahtlose Integration von Batterien in private, gewerbliche oder industrielle Energiesysteme.<\/p><h4>6. Wie hoch ist die typische Lebensdauer der wandmontierten LiFePO4-Batterien von EnePec New Energy?<\/h4><p>Unsere wandmontierten LiFePO4-Batterievarianten bieten bis zu 5.000 Lade-\/Entladezyklen und gew\u00e4hrleisten einen zuverl\u00e4ssigen Langzeitbetrieb f\u00fcr industrielle, gewerbliche und private Energiespeichersysteme.<\/p><h4>7. Kann ich wandmontierte LiFePO4-Batterien von EnePec New Energy im Gro\u00dfhandel bestellen?<\/h4><p>Absolut. Wir liefern wandmontierte LiFePO4-Batterievarianten in gro\u00dfen Mengen an Gro\u00dfh\u00e4ndler, Markeninhaber und Distributoren und unterst\u00fctzen Private Labeling, OEM\/ODM-Anpassung und professionelle B2B-L\u00f6sungen.<\/p><h4>8. Welche Art von technischem Support und Service bietet EnePec New Energy f\u00fcr wandmontierte LiFePO4-Batterien?<\/h4><p>EnePec New Energy bietet umfassende Beratung vor dem Verkauf, technische Beratung, Unterst\u00fctzung bei der individuellen Anpassung und Kundendienst f\u00fcr alle wandmontierten LiFePO4-Batterievarianten und gew\u00e4hrleistet so eine reibungslose Integration, einen sicheren Betrieb und eine hohe Kundenzufriedenheit f\u00fcr B2B-Partner.<\/p>\t\t\t\t\t\t\t\t<\/div>\n\t\t\t\t<\/div>\n\t\t\t\t\t<\/div>\n\t\t\t\t<\/div>\n\t\t\t\t<\/div>","protected":false},"excerpt":{"rendered":"<p>EnePec New Energy specializes in developing and manufacturing high-performance golf cart lithium batteries designed for stable, long-lasting power delivery. Compared with traditional lead-acid batteries, our electric golf cart lithium battery series offers faster charging, longer cycle life, and higher energy efficiency \u2014 ensuring smooth operation on every course. Whether you\u2019re a golf cart distributor or&hellip;<\/p>","protected":false},"author":1,"featured_media":0,"parent":0,"menu_order":0,"comment_status":"closed","ping_status":"closed","template":"elementor_header_footer","meta":{"footnotes":""},"class_list":["post-12744","page","type-page","status-publish","hentry"],"yoast_head":"<!-- This site is optimized with the Yoast SEO plugin v27.5 - https:\/\/yoast.com\/product\/yoast-seo-wordpress\/ -->\n<title>Wholesale Wall Mounted Battery Supplier - Kaowin Furniture<\/title>\n<meta name=\"description\" content=\"Are you looking for best Wall Mounted Battery factory? We are the reliable partner manufacturer. Contact us!\" \/>\n<meta name=\"robots\" content=\"index, follow, max-snippet:-1, max-image-preview:large, max-video-preview:-1\" \/>\n<link rel=\"canonical\" href=\"https:\/\/ikaowin.com\/de\/wall-mounted-battery\/\" \/>\n<meta property=\"og:locale\" content=\"de_DE\" \/>\n<meta property=\"og:type\" content=\"article\" \/>\n<meta property=\"og:title\" content=\"Wholesale Wall Mounted Battery Supplier - Kaowin Furniture\" \/>\n<meta property=\"og:description\" content=\"Are you looking for best Wall Mounted Battery factory? We are the reliable partner manufacturer. Contact us!\" \/>\n<meta property=\"og:url\" content=\"https:\/\/ikaowin.com\/de\/wall-mounted-battery\/\" \/>\n<meta property=\"og:site_name\" content=\"Kaowin Furniture\" \/>\n<meta property=\"article:modified_time\" content=\"2025-10-06T10:14:22+00:00\" \/>\n<meta name=\"twitter:card\" content=\"summary_large_image\" \/>\n<meta name=\"twitter:label1\" content=\"Gesch\u00e4tzte Lesezeit\" \/>\n\t<meta name=\"twitter:data1\" content=\"5\u00a0Minuten\" \/>\n<script type=\"application\/ld+json\" class=\"yoast-schema-graph\">{\"@context\":\"https:\\\/\\\/schema.org\",\"@graph\":[{\"@type\":\"WebPage\",\"@id\":\"https:\\\/\\\/ikaowin.com\\\/wall-mounted-battery\\\/\",\"url\":\"https:\\\/\\\/ikaowin.com\\\/wall-mounted-battery\\\/\",\"name\":\"Wholesale Wall Mounted Battery Supplier - Kaowin Furniture\",\"isPartOf\":{\"@id\":\"https:\\\/\\\/ikaowin.com\\\/#website\"},\"datePublished\":\"2025-10-06T10:12:43+00:00\",\"dateModified\":\"2025-10-06T10:14:22+00:00\",\"description\":\"Are you looking for best Wall Mounted Battery factory? We are the reliable partner manufacturer. Contact us!\",\"breadcrumb\":{\"@id\":\"https:\\\/\\\/ikaowin.com\\\/wall-mounted-battery\\\/#breadcrumb\"},\"inLanguage\":\"de\",\"potentialAction\":[{\"@type\":\"ReadAction\",\"target\":[\"https:\\\/\\\/ikaowin.com\\\/wall-mounted-battery\\\/\"]}]},{\"@type\":\"BreadcrumbList\",\"@id\":\"https:\\\/\\\/ikaowin.com\\\/wall-mounted-battery\\\/#breadcrumb\",\"itemListElement\":[{\"@type\":\"ListItem\",\"position\":1,\"name\":\"Home\",\"item\":\"https:\\\/\\\/ikaowin.com\\\/\"},{\"@type\":\"ListItem\",\"position\":2,\"name\":\"Wall Mounted Battery\"}]},{\"@type\":\"WebSite\",\"@id\":\"https:\\\/\\\/ikaowin.com\\\/#website\",\"url\":\"https:\\\/\\\/ikaowin.com\\\/\",\"name\":\"Kaowin Furniture\",\"description\":\"\",\"publisher\":{\"@id\":\"https:\\\/\\\/ikaowin.com\\\/#organization\"},\"potentialAction\":[{\"@type\":\"SearchAction\",\"target\":{\"@type\":\"EntryPoint\",\"urlTemplate\":\"https:\\\/\\\/ikaowin.com\\\/?s={search_term_string}\"},\"query-input\":{\"@type\":\"PropertyValueSpecification\",\"valueRequired\":true,\"valueName\":\"search_term_string\"}}],\"inLanguage\":\"de\"},{\"@type\":\"Organization\",\"@id\":\"https:\\\/\\\/ikaowin.com\\\/#organization\",\"name\":\"Kaowin Furniture\",\"url\":\"https:\\\/\\\/ikaowin.com\\\/\",\"logo\":{\"@type\":\"ImageObject\",\"inLanguage\":\"de\",\"@id\":\"https:\\\/\\\/ikaowin.com\\\/#\\\/schema\\\/logo\\\/image\\\/\",\"url\":\"https:\\\/\\\/ikaowin.com\\\/wp-content\\\/uploads\\\/2024\\\/12\\\/logo-2.png\",\"contentUrl\":\"https:\\\/\\\/ikaowin.com\\\/wp-content\\\/uploads\\\/2024\\\/12\\\/logo-2.png\",\"width\":600,\"height\":293,\"caption\":\"Kaowin Furniture\"},\"image\":{\"@id\":\"https:\\\/\\\/ikaowin.com\\\/#\\\/schema\\\/logo\\\/image\\\/\"}}]}<\/script>\n<!-- \/ Yoast SEO plugin. -->","yoast_head_json":{"title":"Wholesale Wall Mounted Battery Supplier - Kaowin Furniture","description":"Are you looking for best Wall Mounted Battery factory? We are the reliable partner manufacturer. Contact us!","robots":{"index":"index","follow":"follow","max-snippet":"max-snippet:-1","max-image-preview":"max-image-preview:large","max-video-preview":"max-video-preview:-1"},"canonical":"https:\/\/ikaowin.com\/de\/wall-mounted-battery\/","og_locale":"de_DE","og_type":"article","og_title":"Wholesale Wall Mounted Battery Supplier - Kaowin Furniture","og_description":"Are you looking for best Wall Mounted Battery factory? We are the reliable partner manufacturer. Contact us!","og_url":"https:\/\/ikaowin.com\/de\/wall-mounted-battery\/","og_site_name":"Kaowin Furniture","article_modified_time":"2025-10-06T10:14:22+00:00","twitter_card":"summary_large_image","twitter_misc":{"Gesch\u00e4tzte Lesezeit":"5\u00a0Minuten"},"schema":{"@context":"https:\/\/schema.org","@graph":[{"@type":"WebPage","@id":"https:\/\/ikaowin.com\/wall-mounted-battery\/","url":"https:\/\/ikaowin.com\/wall-mounted-battery\/","name":"Wholesale Wall Mounted Battery Supplier - Kaowin Furniture","isPartOf":{"@id":"https:\/\/ikaowin.com\/#website"},"datePublished":"2025-10-06T10:12:43+00:00","dateModified":"2025-10-06T10:14:22+00:00","description":"Are you looking for best Wall Mounted Battery factory? We are the reliable partner manufacturer. Contact us!","breadcrumb":{"@id":"https:\/\/ikaowin.com\/wall-mounted-battery\/#breadcrumb"},"inLanguage":"de","potentialAction":[{"@type":"ReadAction","target":["https:\/\/ikaowin.com\/wall-mounted-battery\/"]}]},{"@type":"BreadcrumbList","@id":"https:\/\/ikaowin.com\/wall-mounted-battery\/#breadcrumb","itemListElement":[{"@type":"ListItem","position":1,"name":"Home","item":"https:\/\/ikaowin.com\/"},{"@type":"ListItem","position":2,"name":"Wall Mounted Battery"}]},{"@type":"WebSite","@id":"https:\/\/ikaowin.com\/#website","url":"https:\/\/ikaowin.com\/","name":"Kaowin Furniture","description":"","publisher":{"@id":"https:\/\/ikaowin.com\/#organization"},"potentialAction":[{"@type":"SearchAction","target":{"@type":"EntryPoint","urlTemplate":"https:\/\/ikaowin.com\/?s={search_term_string}"},"query-input":{"@type":"PropertyValueSpecification","valueRequired":true,"valueName":"search_term_string"}}],"inLanguage":"de"},{"@type":"Organization","@id":"https:\/\/ikaowin.com\/#organization","name":"Kaowin Furniture","url":"https:\/\/ikaowin.com\/","logo":{"@type":"ImageObject","inLanguage":"de","@id":"https:\/\/ikaowin.com\/#\/schema\/logo\/image\/","url":"https:\/\/ikaowin.com\/wp-content\/uploads\/2024\/12\/logo-2.png","contentUrl":"https:\/\/ikaowin.com\/wp-content\/uploads\/2024\/12\/logo-2.png","width":600,"height":293,"caption":"Kaowin Furniture"},"image":{"@id":"https:\/\/ikaowin.com\/#\/schema\/logo\/image\/"}}]}},"_links":{"self":[{"href":"https:\/\/ikaowin.com\/de\/wp-json\/wp\/v2\/pages\/12744","targetHints":{"allow":["GET"]}}],"collection":[{"href":"https:\/\/ikaowin.com\/de\/wp-json\/wp\/v2\/pages"}],"about":[{"href":"https:\/\/ikaowin.com\/de\/wp-json\/wp\/v2\/types\/page"}],"author":[{"embeddable":true,"href":"https:\/\/ikaowin.com\/de\/wp-json\/wp\/v2\/users\/1"}],"replies":[{"embeddable":true,"href":"https:\/\/ikaowin.com\/de\/wp-json\/wp\/v2\/comments?post=12744"}],"version-history":[{"count":4,"href":"https:\/\/ikaowin.com\/de\/wp-json\/wp\/v2\/pages\/12744\/revisions"}],"predecessor-version":[{"id":12784,"href":"https:\/\/ikaowin.com\/de\/wp-json\/wp\/v2\/pages\/12744\/revisions\/12784"}],"wp:attachment":[{"href":"https:\/\/ikaowin.com\/de\/wp-json\/wp\/v2\/media?parent=12744"}],"curies":[{"name":"wp","href":"https:\/\/api.w.org\/{rel}","templated":true}]}}