{"id":12742,"date":"2025-10-06T10:02:17","date_gmt":"2025-10-06T10:02:17","guid":{"rendered":"https:\/\/ikaowin.com\/?page_id=12742"},"modified":"2025-10-06T10:04:53","modified_gmt":"2025-10-06T10:04:53","slug":"rv-lithium-battery","status":"publish","type":"page","link":"https:\/\/ikaowin.com\/es\/rv-lithium-battery\/","title":{"rendered":"Bater\u00eda de litio para veh\u00edculos recreativos"},"content":{"rendered":"<div data-elementor-type=\"wp-page\" data-elementor-id=\"12742\" class=\"elementor elementor-12742\" data-elementor-post-type=\"page\">\n\t\t\t\t<div class=\"elementor-element elementor-element-f3eedf4 e-flex e-con-boxed e-con e-parent\" data-id=\"f3eedf4\" data-element_type=\"container\" data-e-type=\"container\">\n\t\t\t\t\t<div class=\"e-con-inner\">\n\t\t<div class=\"elementor-element elementor-element-36ebc5d e-con-full e-flex e-con e-child\" data-id=\"36ebc5d\" data-element_type=\"container\" data-e-type=\"container\">\n\t\t\t\t<div class=\"elementor-element elementor-element-3e97b4f elementor-widget elementor-widget-heading\" data-id=\"3e97b4f\" data-element_type=\"widget\" data-e-type=\"widget\" data-widget_type=\"heading.default\">\n\t\t\t\t<div class=\"elementor-widget-container\">\n\t\t\t\t\t<h1 class=\"elementor-heading-title elementor-size-default\">Bater\u00eda de litio para veh\u00edculos recreativos<\/h1>\t\t\t\t<\/div>\n\t\t\t\t<\/div>\n\t\t\t\t<div class=\"elementor-element elementor-element-31213f1 elementor-widget-divider--view-line elementor-widget elementor-widget-divider\" data-id=\"31213f1\" data-element_type=\"widget\" data-e-type=\"widget\" data-widget_type=\"divider.default\">\n\t\t\t\t<div class=\"elementor-widget-container\">\n\t\t\t\t\t\t\t<div class=\"elementor-divider\">\n\t\t\t<span class=\"elementor-divider-separator\">\n\t\t\t\t\t\t<\/span>\n\t\t<\/div>\n\t\t\t\t\t\t<\/div>\n\t\t\t\t<\/div>\n\t\t\t\t<div class=\"elementor-element elementor-element-ce484f6 elementor-widget elementor-widget-text-editor\" data-id=\"ce484f6\" data-element_type=\"widget\" data-e-type=\"widget\" data-widget_type=\"text-editor.default\">\n\t\t\t\t<div class=\"elementor-widget-container\">\n\t\t\t\t\t\t\t\t\t<p>EnePec New Energy se especializa en bater\u00edas de litio avanzadas para veh\u00edculos recreativos, autocaravanas y aplicaciones de viaje fuera de la red el\u00e9ctrica. Nuestras bater\u00edas de litio para veh\u00edculos recreativos ofrecen opciones de 12 V, 24 V, 36 V y 48 V con capacidades que van desde 50 Ah hasta 300 Ah y potencias nominales de hasta 14,4 kWh. Fabricadas con tecnolog\u00eda LiFePO4 y protecci\u00f3n BMS integrada, estas bater\u00edas ofrecen alta densidad energ\u00e9tica, larga vida \u00fatil, dise\u00f1o ligero y un rendimiento seguro y fiable, satisfaciendo las exigentes necesidades de clientes profesionales B2B, como mayoristas, distribuidores y marcas.<br \/><br \/>EnePec New Energy ofrece una personalizaci\u00f3n flexible para todas las variantes de bater\u00edas de litio para veh\u00edculos recreativos, incluyendo voltaje, capacidad, factor de forma y opciones de etiquetado privado. Estos paquetes son ideales para veh\u00edculos recreativos, furgonetas camper, sistemas de viaje sin conexi\u00f3n a la red el\u00e9ctrica y otras soluciones de energ\u00eda m\u00f3vil, proporcionando energ\u00eda estable y eficiente a clientes profesionales. Adem\u00e1s, EnePec New Energy ofrece soporte t\u00e9cnico integral, asesoramiento preventa y servicio posventa, lo que garantiza que nuestras bater\u00edas de litio para veh\u00edculos recreativos sean una opci\u00f3n de confianza para socios B2B de todo el mundo.<\/p>\t\t\t\t\t\t\t\t<\/div>\n\t\t\t\t<\/div>\n\t\t\t\t<\/div>\n\t\t\t\t\t<\/div>\n\t\t\t\t<\/div>\n\t\t<div class=\"elementor-element elementor-element-540ff94 e-flex e-con-boxed e-con e-parent\" data-id=\"540ff94\" data-element_type=\"container\" data-e-type=\"container\">\n\t\t\t\t\t<div class=\"e-con-inner\">\n\t\t<div class=\"elementor-element elementor-element-7137f4c e-con-full e-flex e-con e-child\" data-id=\"7137f4c\" data-element_type=\"container\" data-e-type=\"container\">\n\t\t\t\t<\/div>\n\t\t\t\t\t<\/div>\n\t\t\t\t<\/div>\n\t\t<div class=\"elementor-element elementor-element-769ec8b e-flex e-con-boxed e-con e-parent\" data-id=\"769ec8b\" data-element_type=\"container\" data-e-type=\"container\">\n\t\t\t\t\t<div class=\"e-con-inner\">\n\t\t\t\t<div class=\"elementor-element elementor-element-b5e9786 elementor-widget-divider--view-line elementor-widget elementor-widget-divider\" data-id=\"b5e9786\" data-element_type=\"widget\" data-e-type=\"widget\" data-widget_type=\"divider.default\">\n\t\t\t\t<div class=\"elementor-widget-container\">\n\t\t\t\t\t\t\t<div class=\"elementor-divider\">\n\t\t\t<span class=\"elementor-divider-separator\">\n\t\t\t\t\t\t<\/span>\n\t\t<\/div>\n\t\t\t\t\t\t<\/div>\n\t\t\t\t<\/div>\n\t\t\t\t<div class=\"elementor-element elementor-element-31cbd1e elementor-widget elementor-widget-heading\" data-id=\"31cbd1e\" data-element_type=\"widget\" data-e-type=\"widget\" data-widget_type=\"heading.default\">\n\t\t\t\t<div class=\"elementor-widget-container\">\n\t\t\t\t\t<h3 class=\"elementor-heading-title elementor-size-default\">\u00bfNecesita m\u00e1s informaci\u00f3n? \u00a1Cont\u00e1ctenos!<\/h3>\t\t\t\t<\/div>\n\t\t\t\t<\/div>\n\t\t\t\t\t<\/div>\n\t\t\t\t<\/div>\n\t\t<div class=\"elementor-element elementor-element-6c45a82 e-flex e-con-boxed e-con e-parent\" data-id=\"6c45a82\" data-element_type=\"container\" data-e-type=\"container\">\n\t\t\t\t\t<div class=\"e-con-inner\">\n\t\t<div class=\"elementor-element elementor-element-df20ddf e-con-full elementor-hidden-tablet elementor-hidden-mobile e-flex e-con e-child\" data-id=\"df20ddf\" data-element_type=\"container\" data-e-type=\"container\">\n\t\t\t\t<\/div>\n\t\t<div class=\"elementor-element elementor-element-3c09831 e-con-full e-flex e-con e-child\" data-id=\"3c09831\" data-element_type=\"container\" data-e-type=\"container\">\n\t\t\t\t<div class=\"elementor-element elementor-element-86c9a4c elementor-button-align-stretch elementor-widget elementor-widget-form\" data-id=\"86c9a4c\" data-element_type=\"widget\" data-e-type=\"widget\" data-settings=\"{&quot;step_next_label&quot;:&quot;Next&quot;,&quot;step_previous_label&quot;:&quot;Previous&quot;,&quot;button_width&quot;:&quot;100&quot;,&quot;step_type&quot;:&quot;number_text&quot;,&quot;step_icon_shape&quot;:&quot;circle&quot;}\" data-widget_type=\"form.default\">\n\t\t\t\t<div class=\"elementor-widget-container\">\n\t\t\t\t\t\t\t<form class=\"elementor-form\" method=\"post\" name=\"New Form\" aria-label=\"Nueva forma\" action=\"\">\n\t\t\t<input type=\"hidden\" name=\"post_id\" value=\"12742\"\/>\n\t\t\t<input type=\"hidden\" name=\"form_id\" value=\"86c9a4c\"\/>\n\t\t\t<input type=\"hidden\" name=\"referer_title\" value=\"Wholesale RV Lithium Battery Supplier - Kaowin Furniture\" \/>\n\n\t\t\t\t\t\t\t<input type=\"hidden\" name=\"queried_id\" value=\"12742\"\/>\n\t\t\t\n\t\t\t<div class=\"elementor-form-fields-wrapper elementor-labels-above\">\n\t\t\t\t\t\t\t\t<div class=\"elementor-field-type-text elementor-field-group elementor-column elementor-field-group-name elementor-col-100 elementor-field-required elementor-mark-required\">\n\t\t\t\t\t\t\t\t\t\t\t\t<label for=\"form-field-name\" class=\"elementor-field-label\">\n\t\t\t\t\t\t\t\tNombre\t\t\t\t\t\t\t<\/label>\n\t\t\t\t\t\t\t\t\t\t\t\t\t\t<input size=\"1\" type=\"text\" name=\"form_fields[name]\" id=\"form-field-name\" class=\"elementor-field elementor-size-md  elementor-field-textual\" required=\"required\">\n\t\t\t\t\t\t\t\t\t\t\t<\/div>\n\t\t\t\t\t\t\t\t<div class=\"elementor-field-type-email elementor-field-group elementor-column elementor-field-group-email elementor-col-100 elementor-field-required elementor-mark-required\">\n\t\t\t\t\t\t\t\t\t\t\t\t<label for=\"form-field-email\" class=\"elementor-field-label\">\n\t\t\t\t\t\t\t\tCorreo electr\u00f3nico\t\t\t\t\t\t\t<\/label>\n\t\t\t\t\t\t\t\t\t\t\t\t\t\t<input size=\"1\" type=\"email\" name=\"form_fields[email]\" id=\"form-field-email\" class=\"elementor-field elementor-size-md  elementor-field-textual\" required=\"required\">\n\t\t\t\t\t\t\t\t\t\t\t<\/div>\n\t\t\t\t\t\t\t\t<div class=\"elementor-field-type-text elementor-field-group elementor-column elementor-field-group-field_d5aad89 elementor-col-100\">\n\t\t\t\t\t\t\t\t\t\t\t\t<label for=\"form-field-field_d5aad89\" class=\"elementor-field-label\">\n\t\t\t\t\t\t\t\tConsulta y Cantidad\t\t\t\t\t\t\t<\/label>\n\t\t\t\t\t\t\t\t\t\t\t\t\t\t<input size=\"1\" type=\"text\" name=\"form_fields[field_d5aad89]\" id=\"form-field-field_d5aad89\" class=\"elementor-field elementor-size-md  elementor-field-textual\">\n\t\t\t\t\t\t\t\t\t\t\t<\/div>\n\t\t\t\t\t\t\t\t<div class=\"elementor-field-type-textarea elementor-field-group elementor-column elementor-field-group-message elementor-col-100 elementor-field-required elementor-mark-required\">\n\t\t\t\t\t\t\t\t\t\t\t\t<label for=\"form-field-message\" class=\"elementor-field-label\">\n\t\t\t\t\t\t\t\tCu\u00e9ntanos un poco sobre tu proyecto\t\t\t\t\t\t\t<\/label>\n\t\t\t\t\t\t<textarea class=\"elementor-field-textual elementor-field  elementor-size-md\" name=\"form_fields[message]\" id=\"form-field-message\" rows=\"8\" required=\"required\"><\/textarea>\t\t\t\t<\/div>\n\t\t\t\t\t\t\t\t<div class=\"elementor-field-type-recaptcha_v3 elementor-field-group elementor-column elementor-field-group-field_fc36adc elementor-col-100 recaptcha_v3-bottomright\">\n\t\t\t\t\t<div class=\"elementor-field\" id=\"form-field-field_fc36adc\"><div class=\"elementor-g-recaptcha\" data-sitekey=\"6LfHtd0sAAAAAC97wc2Q1ogC1oFvGzxeAKwZwAgL\" data-type=\"v3\" data-action=\"Form\" data-badge=\"bottomright\" data-size=\"invisible\"><\/div><\/div>\t\t\t\t<\/div>\n\t\t\t\t\t\t\t\t<div class=\"elementor-field-group elementor-column elementor-field-type-submit elementor-col-100 e-form__buttons\">\n\t\t\t\t\t<button class=\"elementor-button elementor-size-lg\" type=\"submit\">\n\t\t\t\t\t\t<span class=\"elementor-button-content-wrapper\">\n\t\t\t\t\t\t\t\t\t\t\t\t\t\t\t\t\t\t\t\t\t\t<span class=\"elementor-button-text\">Entregar<\/span>\n\t\t\t\t\t\t\t\t\t\t\t\t\t<\/span>\n\t\t\t\t\t<\/button>\n\t\t\t\t<\/div>\n\t\t\t<\/div>\n\t\t<input type=\"hidden\" name=\"trp-form-language\" value=\"es\"\/><\/form>\n\t\t\t\t\t\t<\/div>\n\t\t\t\t<\/div>\n\t\t\t\t<\/div>\n\t\t<div class=\"elementor-element elementor-element-525a4fd e-con-full elementor-hidden-tablet elementor-hidden-mobile e-flex e-con e-child\" data-id=\"525a4fd\" data-element_type=\"container\" data-e-type=\"container\">\n\t\t\t\t<\/div>\n\t\t\t\t\t<\/div>\n\t\t\t\t<\/div>\n\t\t<div class=\"elementor-element elementor-element-c14a034 e-flex e-con-boxed e-con e-parent\" data-id=\"c14a034\" data-element_type=\"container\" data-e-type=\"container\">\n\t\t\t\t\t<div class=\"e-con-inner\">\n\t\t\t\t<div class=\"elementor-element elementor-element-70f18f1 elementor-toc--minimized-on-tablet elementor-widget elementor-widget-table-of-contents\" data-id=\"70f18f1\" data-element_type=\"widget\" data-e-type=\"widget\" data-settings=\"{&quot;headings_by_tags&quot;:[&quot;h4&quot;],&quot;exclude_headings_by_selector&quot;:[],&quot;marker_view&quot;:&quot;bullets&quot;,&quot;icon&quot;:{&quot;value&quot;:&quot;fas fa-circle&quot;,&quot;library&quot;:&quot;fa-solid&quot;,&quot;rendered_tag&quot;:&quot;&lt;svg class=\\&quot;e-font-icon-svg e-fas-circle\\&quot; viewBox=\\&quot;0 0 512 512\\&quot; xmlns=\\&quot;http:\\\/\\\/www.w3.org\\\/2000\\\/svg\\&quot;&gt;&lt;path d=\\&quot;M256 8C119 8 8 119 8 256s111 248 248 248 248-111 248-248S393 8 256 8z\\&quot;&gt;&lt;\\\/path&gt;&lt;\\\/svg&gt;&quot;},&quot;no_headings_message&quot;:&quot;No headings were found on this page.&quot;,&quot;minimize_box&quot;:&quot;yes&quot;,&quot;minimized_on&quot;:&quot;tablet&quot;,&quot;hierarchical_view&quot;:&quot;yes&quot;,&quot;min_height&quot;:{&quot;unit&quot;:&quot;px&quot;,&quot;size&quot;:&quot;&quot;,&quot;sizes&quot;:[]},&quot;min_height_tablet&quot;:{&quot;unit&quot;:&quot;px&quot;,&quot;size&quot;:&quot;&quot;,&quot;sizes&quot;:[]},&quot;min_height_mobile&quot;:{&quot;unit&quot;:&quot;px&quot;,&quot;size&quot;:&quot;&quot;,&quot;sizes&quot;:[]}}\" data-widget_type=\"table-of-contents.default\">\n\t\t\t\t<div class=\"elementor-widget-container\">\n\t\t\t\t\t\t\t\t\t<div class=\"elementor-toc__header\">\n\t\t\t\t\t\t<h4 class=\"elementor-toc__header-title\">\n\t\t\t\tPreguntas frecuentes: Bater\u00edas de litio para veh\u00edculos recreativos EnePec New Energy\t\t\t<\/h4>\n\t\t\t\t\t\t\t\t\t\t<div class=\"elementor-toc__toggle-button elementor-toc__toggle-button--expand\" role=\"button\" tabindex=\"0\" aria-controls=\"elementor-toc__70f18f1\" aria-expanded=\"true\" aria-label=\"Inhaltsverzeichnis \u00f6ffnen\" data-no-translation-aria-label=\"\"><svg aria-hidden=\"true\" class=\"e-font-icon-svg e-fas-chevron-down\" viewbox=\"0 0 448 512\" xmlns=\"http:\/\/www.w3.org\/2000\/svg\"><path d=\"M207.029 381.476L12.686 187.132c-9.373-9.373-9.373-24.569 0-33.941l22.667-22.667c9.357-9.357 24.522-9.375 33.901-.04L224 284.505l154.745-154.021c9.379-9.335 24.544-9.317 33.901.04l22.667 22.667c9.373 9.373 9.373 24.569 0 33.941L240.971 381.476c-9.373 9.372-24.569 9.372-33.942 0z\"><\/path><\/svg><\/div>\n\t\t\t\t<div class=\"elementor-toc__toggle-button elementor-toc__toggle-button--collapse\" role=\"button\" tabindex=\"0\" aria-controls=\"elementor-toc__70f18f1\" aria-expanded=\"true\" aria-label=\"Inhaltsverzeichnis schlie\u00dfen\" data-no-translation-aria-label=\"\"><svg aria-hidden=\"true\" class=\"e-font-icon-svg e-fas-chevron-up\" viewbox=\"0 0 448 512\" xmlns=\"http:\/\/www.w3.org\/2000\/svg\"><path d=\"M240.971 130.524l194.343 194.343c9.373 9.373 9.373 24.569 0 33.941l-22.667 22.667c-9.357 9.357-24.522 9.375-33.901.04L224 227.495 69.255 381.516c-9.379 9.335-24.544 9.317-33.901-.04l-22.667-22.667c-9.373-9.373-9.373-24.569 0-33.941L207.03 130.525c9.372-9.373 24.568-9.373 33.941-.001z\"><\/path><\/svg><\/div>\n\t\t\t\t\t<\/div>\n\t\t\t\t<div id=\"elementor-toc__70f18f1\" class=\"elementor-toc__body\">\n\t\t\t<div class=\"elementor-toc__spinner-container\">\n\t\t\t\t<svg class=\"elementor-toc__spinner eicon-animation-spin e-font-icon-svg e-eicon-loading\" aria-hidden=\"true\" viewbox=\"0 0 1000 1000\" xmlns=\"http:\/\/www.w3.org\/2000\/svg\"><path d=\"M500 975V858C696 858 858 696 858 500S696 142 500 142 142 304 142 500H25C25 237 238 25 500 25S975 237 975 500 763 975 500 975Z\"><\/path><\/svg>\t\t\t<\/div>\n\t\t<\/div>\n\t\t\t\t\t\t<\/div>\n\t\t\t\t<\/div>\n\t\t\t\t<div class=\"elementor-element elementor-element-8041847 elementor-widget elementor-widget-spacer\" data-id=\"8041847\" data-element_type=\"widget\" data-e-type=\"widget\" data-widget_type=\"spacer.default\">\n\t\t\t\t<div class=\"elementor-widget-container\">\n\t\t\t\t\t\t\t<div class=\"elementor-spacer\">\n\t\t\t<div class=\"elementor-spacer-inner\"><\/div>\n\t\t<\/div>\n\t\t\t\t\t\t<\/div>\n\t\t\t\t<\/div>\n\t\t\t\t<div class=\"elementor-element elementor-element-82355f4 elementor-widget elementor-widget-text-editor\" data-id=\"82355f4\" data-element_type=\"widget\" data-e-type=\"widget\" data-widget_type=\"text-editor.default\">\n\t\t\t\t<div class=\"elementor-widget-container\">\n\t\t\t\t\t\t\t\t\t<h4>1. \u00bfQu\u00e9 opciones de voltaje est\u00e1n disponibles para las variantes de bater\u00eda de litio para veh\u00edculos recreativos EnePec New Energy?<\/h4><p>EnePec New Energy ofrece variantes de bater\u00edas de litio para veh\u00edculos recreativos en sistemas de 12 V, 24 V, 36 V y 48 V, lo que proporciona soluciones flexibles para mayoristas, propietarios de marcas y distribuidores que buscan alimentar veh\u00edculos recreativos, autocaravanas o veh\u00edculos fuera de la red.<\/p><h4>2. \u00bfQu\u00e9 opciones de capacidad puede ofrecer EnePec New Energy para los paquetes de bater\u00edas de litio para veh\u00edculos recreativos?<\/h4><p>Nuestras variantes de bater\u00eda de litio para veh\u00edculos recreativos vienen en capacidades que van desde 50 Ah a 300 Ah, lo que permite a los clientes B2B seleccionar el paquete ideal para diferentes tama\u00f1os de veh\u00edculos recreativos, duraciones de viaje y demandas de energ\u00eda.<\/p><h4>3. \u00bfCu\u00e1les son las especificaciones energ\u00e9ticas t\u00edpicas de las bater\u00edas de litio para veh\u00edculos recreativos EnePec New Energy?<\/h4><p>Dependiendo del voltaje y la capacidad, nuestros paquetes de bater\u00edas de litio para veh\u00edculos recreativos brindan clasificaciones de energ\u00eda desde 600 Wh hasta 14,4 kWh, brindando energ\u00eda liviana, confiable y de alto rendimiento para aplicaciones profesionales.<\/p><h4>4. \u00bfSe pueden utilizar las bater\u00edas de litio para veh\u00edculos recreativos EnePec New Energy para aplicaciones espec\u00edficas?<\/h4><p>S\u00ed, nuestras variantes de bater\u00eda de litio para veh\u00edculos recreativos se utilizan ampliamente para veh\u00edculos recreativos, autocaravanas, furgonetas camper y configuraciones de viaje fuera de la red, y ofrecen energ\u00eda estable, segura y eficiente para clientes B2B.<\/p><h4>5. \u00bfCu\u00e1les son las caracter\u00edsticas clave y las ventajas tecnol\u00f3gicas de las bater\u00edas de litio para veh\u00edculos recreativos EnePec New Energy?<\/h4><p>Las soluciones de bater\u00edas de litio para veh\u00edculos recreativos New Energy de EnePec utilizan tecnolog\u00eda LiFePO4, que proporciona alta densidad de energ\u00eda, ciclo de vida prolongado, dise\u00f1o liviano, protecci\u00f3n BMS incorporada y mantenimiento m\u00ednimo, lo que las hace ideales para distribuidores profesionales de veh\u00edculos recreativos y propietarios de marcas.<\/p><h4>6. \u00bfCu\u00e1l es la vida \u00fatil t\u00edpica de los paquetes de bater\u00edas de litio para veh\u00edculos recreativos EnePec New Energy?<\/h4><p>Nuestras variantes de bater\u00eda de litio para veh\u00edculos recreativos ofrecen hasta 3000 a 5000 ciclos de carga y descarga, lo que garantiza confiabilidad a largo plazo y un rendimiento constante para aplicaciones industriales, comerciales y relacionadas con viajes.<\/p><h4>7. \u00bfPuedo solicitar paquetes de bater\u00edas de litio para veh\u00edculos recreativos al por mayor de EnePec New Energy?<\/h4><p>Por supuesto. Ofrecemos variantes de bater\u00edas de litio para veh\u00edculos recreativos al por mayor para mayoristas, marcas y distribuidores, ofreciendo personalizaci\u00f3n OEM\/ODM, marca propia y asesoramiento t\u00e9cnico para clientes profesionales B2B.<\/p><h4>8. \u00bfQu\u00e9 servicio y soporte posventa ofrece EnePec New Energy para los clientes de bater\u00edas de litio para veh\u00edculos recreativos?<\/h4><p>EnePec New Energy ofrece asesoramiento completo de preventa, soporte t\u00e9cnico, asistencia de personalizaci\u00f3n y servicio posventa para todas las variantes de bater\u00edas de litio para veh\u00edculos recreativos, lo que garantiza una integraci\u00f3n fluida, un funcionamiento seguro y un rendimiento confiable para los socios comerciales.<\/p>\t\t\t\t\t\t\t\t<\/div>\n\t\t\t\t<\/div>\n\t\t\t\t\t<\/div>\n\t\t\t\t<\/div>\n\t\t\t\t<\/div>","protected":false},"excerpt":{"rendered":"<p>EnePec New Energy specializes in advanced RV Lithium Battery packs designed for recreational vehicles, motorhomes, and off-grid travel applications. Our RV Lithium Battery variants offer 12V, 24V, 36V, and 48V options with capacities ranging from 50Ah to 300Ah and energy ratings up to 14.4kWh. Built with LiFePO4 technology and integrated BMS protection, these batteries provide&hellip;<\/p>","protected":false},"author":1,"featured_media":0,"parent":0,"menu_order":0,"comment_status":"closed","ping_status":"closed","template":"elementor_header_footer","meta":{"footnotes":""},"class_list":["post-12742","page","type-page","status-publish","hentry"],"yoast_head":"<!-- This site is optimized with the Yoast SEO plugin v27.5 - https:\/\/yoast.com\/product\/yoast-seo-wordpress\/ -->\n<title>Wholesale RV Lithium Battery Supplier - Kaowin Furniture<\/title>\n<meta name=\"description\" content=\"Are you looking for best RV Lithium Battery factory? We are the reliable partner manufacturer. Contact us!\" \/>\n<meta name=\"robots\" content=\"index, follow, max-snippet:-1, max-image-preview:large, max-video-preview:-1\" \/>\n<link rel=\"canonical\" href=\"https:\/\/ikaowin.com\/es\/rv-lithium-battery\/\" \/>\n<meta property=\"og:locale\" content=\"es_ES\" \/>\n<meta property=\"og:type\" content=\"article\" \/>\n<meta property=\"og:title\" content=\"Wholesale RV Lithium Battery Supplier - Kaowin Furniture\" \/>\n<meta property=\"og:description\" content=\"Are you looking for best RV Lithium Battery factory? We are the reliable partner manufacturer. Contact us!\" \/>\n<meta property=\"og:url\" content=\"https:\/\/ikaowin.com\/es\/rv-lithium-battery\/\" \/>\n<meta property=\"og:site_name\" content=\"Kaowin Furniture\" \/>\n<meta property=\"article:modified_time\" content=\"2025-10-06T10:04:53+00:00\" \/>\n<meta name=\"twitter:card\" content=\"summary_large_image\" \/>\n<meta name=\"twitter:label1\" content=\"Tiempo de lectura\" \/>\n\t<meta name=\"twitter:data1\" content=\"4 minutos\" \/>\n<script type=\"application\/ld+json\" class=\"yoast-schema-graph\">{\"@context\":\"https:\\\/\\\/schema.org\",\"@graph\":[{\"@type\":\"WebPage\",\"@id\":\"https:\\\/\\\/ikaowin.com\\\/rv-lithium-battery\\\/\",\"url\":\"https:\\\/\\\/ikaowin.com\\\/rv-lithium-battery\\\/\",\"name\":\"Wholesale RV Lithium Battery Supplier - Kaowin Furniture\",\"isPartOf\":{\"@id\":\"https:\\\/\\\/ikaowin.com\\\/#website\"},\"datePublished\":\"2025-10-06T10:02:17+00:00\",\"dateModified\":\"2025-10-06T10:04:53+00:00\",\"description\":\"Are you looking for best RV Lithium Battery factory? We are the reliable partner manufacturer. Contact us!\",\"breadcrumb\":{\"@id\":\"https:\\\/\\\/ikaowin.com\\\/rv-lithium-battery\\\/#breadcrumb\"},\"inLanguage\":\"es\",\"potentialAction\":[{\"@type\":\"ReadAction\",\"target\":[\"https:\\\/\\\/ikaowin.com\\\/rv-lithium-battery\\\/\"]}]},{\"@type\":\"BreadcrumbList\",\"@id\":\"https:\\\/\\\/ikaowin.com\\\/rv-lithium-battery\\\/#breadcrumb\",\"itemListElement\":[{\"@type\":\"ListItem\",\"position\":1,\"name\":\"Home\",\"item\":\"https:\\\/\\\/ikaowin.com\\\/\"},{\"@type\":\"ListItem\",\"position\":2,\"name\":\"RV Lithium Battery\"}]},{\"@type\":\"WebSite\",\"@id\":\"https:\\\/\\\/ikaowin.com\\\/#website\",\"url\":\"https:\\\/\\\/ikaowin.com\\\/\",\"name\":\"Kaowin Furniture\",\"description\":\"\",\"publisher\":{\"@id\":\"https:\\\/\\\/ikaowin.com\\\/#organization\"},\"potentialAction\":[{\"@type\":\"SearchAction\",\"target\":{\"@type\":\"EntryPoint\",\"urlTemplate\":\"https:\\\/\\\/ikaowin.com\\\/?s={search_term_string}\"},\"query-input\":{\"@type\":\"PropertyValueSpecification\",\"valueRequired\":true,\"valueName\":\"search_term_string\"}}],\"inLanguage\":\"es\"},{\"@type\":\"Organization\",\"@id\":\"https:\\\/\\\/ikaowin.com\\\/#organization\",\"name\":\"Kaowin Furniture\",\"url\":\"https:\\\/\\\/ikaowin.com\\\/\",\"logo\":{\"@type\":\"ImageObject\",\"inLanguage\":\"es\",\"@id\":\"https:\\\/\\\/ikaowin.com\\\/#\\\/schema\\\/logo\\\/image\\\/\",\"url\":\"https:\\\/\\\/ikaowin.com\\\/wp-content\\\/uploads\\\/2024\\\/12\\\/logo-2.png\",\"contentUrl\":\"https:\\\/\\\/ikaowin.com\\\/wp-content\\\/uploads\\\/2024\\\/12\\\/logo-2.png\",\"width\":600,\"height\":293,\"caption\":\"Kaowin Furniture\"},\"image\":{\"@id\":\"https:\\\/\\\/ikaowin.com\\\/#\\\/schema\\\/logo\\\/image\\\/\"}}]}<\/script>\n<!-- \/ Yoast SEO plugin. -->","yoast_head_json":{"title":"Wholesale RV Lithium Battery Supplier - Kaowin Furniture","description":"Are you looking for best RV Lithium Battery factory? We are the reliable partner manufacturer. Contact us!","robots":{"index":"index","follow":"follow","max-snippet":"max-snippet:-1","max-image-preview":"max-image-preview:large","max-video-preview":"max-video-preview:-1"},"canonical":"https:\/\/ikaowin.com\/es\/rv-lithium-battery\/","og_locale":"es_ES","og_type":"article","og_title":"Wholesale RV Lithium Battery Supplier - Kaowin Furniture","og_description":"Are you looking for best RV Lithium Battery factory? We are the reliable partner manufacturer. Contact us!","og_url":"https:\/\/ikaowin.com\/es\/rv-lithium-battery\/","og_site_name":"Kaowin Furniture","article_modified_time":"2025-10-06T10:04:53+00:00","twitter_card":"summary_large_image","twitter_misc":{"Tiempo de lectura":"4 minutos"},"schema":{"@context":"https:\/\/schema.org","@graph":[{"@type":"WebPage","@id":"https:\/\/ikaowin.com\/rv-lithium-battery\/","url":"https:\/\/ikaowin.com\/rv-lithium-battery\/","name":"Wholesale RV Lithium Battery Supplier - Kaowin Furniture","isPartOf":{"@id":"https:\/\/ikaowin.com\/#website"},"datePublished":"2025-10-06T10:02:17+00:00","dateModified":"2025-10-06T10:04:53+00:00","description":"Are you looking for best RV Lithium Battery factory? We are the reliable partner manufacturer. Contact us!","breadcrumb":{"@id":"https:\/\/ikaowin.com\/rv-lithium-battery\/#breadcrumb"},"inLanguage":"es","potentialAction":[{"@type":"ReadAction","target":["https:\/\/ikaowin.com\/rv-lithium-battery\/"]}]},{"@type":"BreadcrumbList","@id":"https:\/\/ikaowin.com\/rv-lithium-battery\/#breadcrumb","itemListElement":[{"@type":"ListItem","position":1,"name":"Home","item":"https:\/\/ikaowin.com\/"},{"@type":"ListItem","position":2,"name":"RV Lithium Battery"}]},{"@type":"WebSite","@id":"https:\/\/ikaowin.com\/#website","url":"https:\/\/ikaowin.com\/","name":"Kaowin Furniture","description":"","publisher":{"@id":"https:\/\/ikaowin.com\/#organization"},"potentialAction":[{"@type":"SearchAction","target":{"@type":"EntryPoint","urlTemplate":"https:\/\/ikaowin.com\/?s={search_term_string}"},"query-input":{"@type":"PropertyValueSpecification","valueRequired":true,"valueName":"search_term_string"}}],"inLanguage":"es"},{"@type":"Organization","@id":"https:\/\/ikaowin.com\/#organization","name":"Kaowin Furniture","url":"https:\/\/ikaowin.com\/","logo":{"@type":"ImageObject","inLanguage":"es","@id":"https:\/\/ikaowin.com\/#\/schema\/logo\/image\/","url":"https:\/\/ikaowin.com\/wp-content\/uploads\/2024\/12\/logo-2.png","contentUrl":"https:\/\/ikaowin.com\/wp-content\/uploads\/2024\/12\/logo-2.png","width":600,"height":293,"caption":"Kaowin Furniture"},"image":{"@id":"https:\/\/ikaowin.com\/#\/schema\/logo\/image\/"}}]}},"_links":{"self":[{"href":"https:\/\/ikaowin.com\/es\/wp-json\/wp\/v2\/pages\/12742","targetHints":{"allow":["GET"]}}],"collection":[{"href":"https:\/\/ikaowin.com\/es\/wp-json\/wp\/v2\/pages"}],"about":[{"href":"https:\/\/ikaowin.com\/es\/wp-json\/wp\/v2\/types\/page"}],"author":[{"embeddable":true,"href":"https:\/\/ikaowin.com\/es\/wp-json\/wp\/v2\/users\/1"}],"replies":[{"embeddable":true,"href":"https:\/\/ikaowin.com\/es\/wp-json\/wp\/v2\/comments?post=12742"}],"version-history":[{"count":7,"href":"https:\/\/ikaowin.com\/es\/wp-json\/wp\/v2\/pages\/12742\/revisions"}],"predecessor-version":[{"id":12781,"href":"https:\/\/ikaowin.com\/es\/wp-json\/wp\/v2\/pages\/12742\/revisions\/12781"}],"wp:attachment":[{"href":"https:\/\/ikaowin.com\/es\/wp-json\/wp\/v2\/media?parent=12742"}],"curies":[{"name":"wp","href":"https:\/\/api.w.org\/{rel}","templated":true}]}}